{"id":1148,"date":"2020-06-02T21:35:21","date_gmt":"2020-06-02T21:35:21","guid":{"rendered":"https:\/\/basculassandiego.com\/tienda\/?post_type=product&#038;p=1148"},"modified":"2020-06-02T21:35:22","modified_gmt":"2020-06-02T21:35:22","slug":"chairas-blazer","status":"publish","type":"product","link":"https:\/\/basculassandiego.com\/tienda\/producto\/chairas-blazer\/","title":{"rendered":"CHAIRAS BLAZER"},"content":{"rendered":"<h1>CHAIRAS BLAZER<br \/>\n<span class=\"smallText\">[S-CHBL]<\/span><\/h1>\n<p>Cuchillo Tipo Chaira De 12 Y 10 Plg. Mango De Plastico Color Blanco<br \/>\nEst\u00e1 fabricada en acero con una dureza controlada que ofrece mayor durabilidad por un bajo precio. Su hoja tiene un fino acabado, que evita que la oxidaci\u00f3n penetre y brinda adem\u00e1s una excelente presentaci\u00f3n.<br \/>\nEl mango de los cuchillos BLAZER est\u00e1 fabricado en pl\u00e1stico suave e higi\u00e9nico.<\/p>\n<p>Descripci\u00f3n:<br \/>\nChaira Redonda 10&#8243; Y 12&#8243;<\/p>\n<p><span style=\"color: #ff0000;\"><strong>PRECIO SUJETO A CAMBIOS.<\/strong><\/span><\/p>\n","protected":false},"excerpt":{"rendered":"<p>Cuchillo Tipo Chaira De 12 Y 10 Plg. Mango De Plastico Color Blanco<br \/>\nEst\u00e1 fabricada en acero con una dureza controlada que ofrece mayor durabilidad por un bajo precio.<\/p>\n","protected":false},"featured_media":1149,"template":"","meta":[],"product_brand":[],"product_cat":[823,814],"product_tag":[400,636,826,608],"class_list":{"0":"post-1148","1":"product","2":"type-product","3":"status-publish","4":"has-post-thumbnail","6":"product_cat-chairas","7":"product_cat-cuchilleria-y-accesorios","8":"product_tag-acero","9":"product_tag-blazer","10":"product_tag-chairas","11":"product_tag-diferentes-tamanos","13":"first","14":"instock","15":"shipping-taxable","16":"purchasable","17":"product-type-simple"},"_links":{"self":[{"href":"https:\/\/basculassandiego.com\/tienda\/wp-json\/wp\/v2\/product\/1148","targetHints":{"allow":["GET"]}}],"collection":[{"href":"https:\/\/basculassandiego.com\/tienda\/wp-json\/wp\/v2\/product"}],"about":[{"href":"https:\/\/basculassandiego.com\/tienda\/wp-json\/wp\/v2\/types\/product"}],"wp:featuredmedia":[{"embeddable":true,"href":"https:\/\/basculassandiego.com\/tienda\/wp-json\/wp\/v2\/media\/1149"}],"wp:attachment":[{"href":"https:\/\/basculassandiego.com\/tienda\/wp-json\/wp\/v2\/media?parent=1148"}],"wp:term":[{"taxonomy":"product_brand","embeddable":true,"href":"https:\/\/basculassandiego.com\/tienda\/wp-json\/wp\/v2\/product_brand?post=1148"},{"taxonomy":"product_cat","embeddable":true,"href":"https:\/\/basculassandiego.com\/tienda\/wp-json\/wp\/v2\/product_cat?post=1148"},{"taxonomy":"product_tag","embeddable":true,"href":"https:\/\/basculassandiego.com\/tienda\/wp-json\/wp\/v2\/product_tag?post=1148"}],"curies":[{"name":"wp","href":"https:\/\/api.w.org\/{rel}","templated":true}]}}