{"id":1157,"date":"2020-06-02T22:24:59","date_gmt":"2020-06-02T22:24:59","guid":{"rendered":"https:\/\/basculassandiego.com\/tienda\/?post_type=product&#038;p=1157"},"modified":"2020-06-02T22:24:59","modified_gmt":"2020-06-02T22:24:59","slug":"cuchillo-bistecero-curvo","status":"publish","type":"product","link":"https:\/\/basculassandiego.com\/tienda\/producto\/cuchillo-bistecero-curvo\/","title":{"rendered":"CUCHILLO BISTECERO CURVO"},"content":{"rendered":"<h1>CUCHILLO BISTECERO CURVO <span class=\"smallText\">[H-CBIC]<\/span><\/h1>\n<p>La hoja del cuchillo BLAZER est\u00e1 fabricada en acero con una dureza controlada que ofrece mayor durabilidad por un bajo precio. Su hoja tiene un fino acabado espejo, que evita que la oxidaci\u00f3n penetre en la hoja y brinda adem\u00e1s una excelente presentaci\u00f3n al cuchillo.<br \/>\nEl mango de los cuchillos BLAZER est\u00e1 fabricado en pl\u00e1stico suave e higi\u00e9nico.<\/p>\n<p>Descripci\u00f3n:<br \/>\nCuchillo Bistecero curvo 8&#8243;<br \/>\nCuchillo Bistecero curvo 10&#8243;<br \/>\nCuchillo Bistecero curvo 12&#8243;<\/p>\n<p><span style=\"color: #ff0000;\"><strong>PRECIO SUJETO A CAMBIOS.<\/strong><\/span><\/p>\n<p>&nbsp;<\/p>\n","protected":false},"excerpt":{"rendered":"<p>La hoja del cuchillo BLAZER est\u00e1 fabricada en acero con una dureza controlada que ofrece mayor durabilidad por un bajo precio. Su hoja tiene un fino acabado espejo, que evita que la oxidaci\u00f3n penetre en la hoja y brinda adem\u00e1s una excelente presentaci\u00f3n al cuchillo.<br \/>\nEl mango de los cuchillos BLAZER est\u00e1 fabricado en pl\u00e1stico suave e higi\u00e9nico.<\/p>\n","protected":false},"featured_media":1158,"template":"","meta":[],"product_brand":[],"product_cat":[814,830],"product_tag":[831,636,511,832,608],"class_list":{"0":"post-1157","1":"product","2":"type-product","3":"status-publish","4":"has-post-thumbnail","6":"product_cat-cuchilleria-y-accesorios","7":"product_cat-cuchillos-caledonia","8":"product_tag-bistecero","9":"product_tag-blazer","10":"product_tag-cuchillo","11":"product_tag-curvo","12":"product_tag-diferentes-tamanos","14":"first","15":"instock","16":"shipping-taxable","17":"purchasable","18":"product-type-simple"},"_links":{"self":[{"href":"https:\/\/basculassandiego.com\/tienda\/wp-json\/wp\/v2\/product\/1157","targetHints":{"allow":["GET"]}}],"collection":[{"href":"https:\/\/basculassandiego.com\/tienda\/wp-json\/wp\/v2\/product"}],"about":[{"href":"https:\/\/basculassandiego.com\/tienda\/wp-json\/wp\/v2\/types\/product"}],"wp:featuredmedia":[{"embeddable":true,"href":"https:\/\/basculassandiego.com\/tienda\/wp-json\/wp\/v2\/media\/1158"}],"wp:attachment":[{"href":"https:\/\/basculassandiego.com\/tienda\/wp-json\/wp\/v2\/media?parent=1157"}],"wp:term":[{"taxonomy":"product_brand","embeddable":true,"href":"https:\/\/basculassandiego.com\/tienda\/wp-json\/wp\/v2\/product_brand?post=1157"},{"taxonomy":"product_cat","embeddable":true,"href":"https:\/\/basculassandiego.com\/tienda\/wp-json\/wp\/v2\/product_cat?post=1157"},{"taxonomy":"product_tag","embeddable":true,"href":"https:\/\/basculassandiego.com\/tienda\/wp-json\/wp\/v2\/product_tag?post=1157"}],"curies":[{"name":"wp","href":"https:\/\/api.w.org\/{rel}","templated":true}]}}