{"id":1168,"date":"2020-06-02T22:51:27","date_gmt":"2020-06-02T22:51:27","guid":{"rendered":"https:\/\/basculassandiego.com\/tienda\/?post_type=product&#038;p=1168"},"modified":"2023-09-30T19:08:18","modified_gmt":"2023-09-30T19:08:18","slug":"cuchillo-chef-rojo","status":"publish","type":"product","link":"https:\/\/basculassandiego.com\/tienda\/producto\/cuchillo-chef-rojo\/","title":{"rendered":"CUCHILLO CHEF ROJO"},"content":{"rendered":"<h1>CUCHILLO CHEF ROJO<\/h1>\n<p>La hoja del cuchillo est\u00e1 fabricada en acero con una dureza controlada que ofrece mayor durabilidad por un bajo precio. Su hoja tiene un fino acabado espejo, que evita que la oxidaci\u00f3n penetre en la hoja y brinda adem\u00e1s una excelente presentaci\u00f3n al cuchillo.<br \/>\nEl mango de los cuchillos est\u00e1 fabricado en pl\u00e1stico suave e higi\u00e9nico.<\/p>\n<p>Marca Caledonia<\/p>\n<p>Cuchillo Tipo Chef\u00a0 color Rojo 10&#8243;<\/p>\n<h1><span style=\"color: #ff0000;\"><strong>PRECIO SUJETO A CAMBIOS.<\/strong><\/span><\/h1>\n","protected":false},"excerpt":{"rendered":"<p>La hoja del cuchillo est\u00e1 fabricada en acero con una dureza controlada que ofrece mayor durabilidad por un bajo precio. Su hoja tiene un fino acabado espejo, que evita que la oxidaci\u00f3n penetre en la hoja y brinda adem\u00e1s una excelente presentaci\u00f3n al cuchillo.<\/p>\n<h1><span style=\"color: #ff0000;\"><strong>PRECIO SUJETO A CAMBIOS.<\/strong><\/span><\/h1>\n","protected":false},"featured_media":2100,"template":"","meta":[],"product_brand":[],"product_cat":[814,830],"product_tag":[834,381,110,511,837],"class_list":{"0":"post-1168","1":"product","2":"type-product","3":"status-publish","4":"has-post-thumbnail","6":"product_cat-cuchilleria-y-accesorios","7":"product_cat-cuchillos-caledonia","8":"product_tag-834","9":"product_tag-caledonia","10":"product_tag-chef","11":"product_tag-cuchillo","12":"product_tag-rojo","14":"first","15":"instock","16":"shipping-taxable","17":"purchasable","18":"product-type-simple"},"_links":{"self":[{"href":"https:\/\/basculassandiego.com\/tienda\/wp-json\/wp\/v2\/product\/1168","targetHints":{"allow":["GET"]}}],"collection":[{"href":"https:\/\/basculassandiego.com\/tienda\/wp-json\/wp\/v2\/product"}],"about":[{"href":"https:\/\/basculassandiego.com\/tienda\/wp-json\/wp\/v2\/types\/product"}],"wp:featuredmedia":[{"embeddable":true,"href":"https:\/\/basculassandiego.com\/tienda\/wp-json\/wp\/v2\/media\/2100"}],"wp:attachment":[{"href":"https:\/\/basculassandiego.com\/tienda\/wp-json\/wp\/v2\/media?parent=1168"}],"wp:term":[{"taxonomy":"product_brand","embeddable":true,"href":"https:\/\/basculassandiego.com\/tienda\/wp-json\/wp\/v2\/product_brand?post=1168"},{"taxonomy":"product_cat","embeddable":true,"href":"https:\/\/basculassandiego.com\/tienda\/wp-json\/wp\/v2\/product_cat?post=1168"},{"taxonomy":"product_tag","embeddable":true,"href":"https:\/\/basculassandiego.com\/tienda\/wp-json\/wp\/v2\/product_tag?post=1168"}],"curies":[{"name":"wp","href":"https:\/\/api.w.org\/{rel}","templated":true}]}}