{"id":1170,"date":"2020-06-02T22:55:22","date_gmt":"2020-06-02T22:55:22","guid":{"rendered":"https:\/\/basculassandiego.com\/tienda\/?post_type=product&#038;p=1170"},"modified":"2021-08-16T19:47:09","modified_gmt":"2021-08-16T19:47:09","slug":"cuchillo-chef-verde","status":"publish","type":"product","link":"https:\/\/basculassandiego.com\/tienda\/producto\/cuchillo-chef-verde\/","title":{"rendered":"CUCHILLO CHEF VERDE"},"content":{"rendered":"<h1>CUCHILLO CHEF VERDE<\/h1>\n<p>La hoja del cuchillo est\u00e1 fabricada en acero con una dureza controlada que ofrece mayor durabilidad por un bajo precio. Su hoja tiene un fino acabado espejo, que evita que la oxidaci\u00f3n penetre en la hoja y brinda adem\u00e1s una excelente presentaci\u00f3n al cuchillo.<br \/>\nEl mango de los cuchillos est\u00e1 fabricado en pl\u00e1stico suave e higi\u00e9nico.<\/p>\n<p>Cuchillo Tipo Chef\u00a0 color Azul 10&#8243;<\/p>\n<p><strong>PRECIO SUJETO A CAMBIOS.<\/strong><\/p>\n","protected":false},"excerpt":{"rendered":"<p>La hoja del cuchillo est\u00e1 fabricada en acero con una dureza controlada que ofrece mayor durabilidad por un bajo precio. Su hoja tiene un fino acabado espejo, que evita que la oxidaci\u00f3n penetre en la hoja y brinda adem\u00e1s una excelente presentaci\u00f3n al cuchillo.<\/p>\n","protected":false},"featured_media":2102,"template":"","meta":[],"product_brand":[],"product_cat":[814,830],"product_tag":[834,381,110,511,27,82,825],"class_list":{"0":"post-1170","1":"product","2":"type-product","3":"status-publish","4":"has-post-thumbnail","6":"product_cat-cuchilleria-y-accesorios","7":"product_cat-cuchillos-caledonia","8":"product_tag-834","9":"product_tag-caledonia","10":"product_tag-chef","11":"product_tag-cuchillo","12":"product_tag-travessa","13":"product_tag-verde","14":"product_tag-victorinox","16":"first","17":"instock","18":"shipping-taxable","19":"product-type-simple"},"_links":{"self":[{"href":"https:\/\/basculassandiego.com\/tienda\/wp-json\/wp\/v2\/product\/1170","targetHints":{"allow":["GET"]}}],"collection":[{"href":"https:\/\/basculassandiego.com\/tienda\/wp-json\/wp\/v2\/product"}],"about":[{"href":"https:\/\/basculassandiego.com\/tienda\/wp-json\/wp\/v2\/types\/product"}],"wp:featuredmedia":[{"embeddable":true,"href":"https:\/\/basculassandiego.com\/tienda\/wp-json\/wp\/v2\/media\/2102"}],"wp:attachment":[{"href":"https:\/\/basculassandiego.com\/tienda\/wp-json\/wp\/v2\/media?parent=1170"}],"wp:term":[{"taxonomy":"product_brand","embeddable":true,"href":"https:\/\/basculassandiego.com\/tienda\/wp-json\/wp\/v2\/product_brand?post=1170"},{"taxonomy":"product_cat","embeddable":true,"href":"https:\/\/basculassandiego.com\/tienda\/wp-json\/wp\/v2\/product_cat?post=1170"},{"taxonomy":"product_tag","embeddable":true,"href":"https:\/\/basculassandiego.com\/tienda\/wp-json\/wp\/v2\/product_tag?post=1170"}],"curies":[{"name":"wp","href":"https:\/\/api.w.org\/{rel}","templated":true}]}}