{"id":1197,"date":"2020-06-03T17:58:44","date_gmt":"2020-06-03T17:58:44","guid":{"rendered":"https:\/\/basculassandiego.com\/tienda\/?post_type=product&#038;p=1197"},"modified":"2023-09-30T18:39:58","modified_gmt":"2023-09-30T18:39:58","slug":"cuchillo-para-queso","status":"publish","type":"product","link":"https:\/\/basculassandiego.com\/tienda\/producto\/cuchillo-para-queso\/","title":{"rendered":"CUCHILLO PARA QUESO"},"content":{"rendered":"<h1>CUCHILLO PARA QUESO<br \/>\n<span class=\"smallText\">[H-KNCH-]<\/span><\/h1>\n<p>-Fabricados en Acero Alem\u00e1n, cumpliendo los m\u00e1s estrictos y altos est\u00e1ndares de calidad.<br \/>\n&#8211; La Ergonom\u00eda de su empu\u00f1adura, que gracias al Polipropileno con que est\u00e1 fabricado permite una mayor adherencia a la mano y un soporte perfecto.<br \/>\n&#8211; La Dureza en el Acero, proporciona la mayor resistencia al desgaste.<br \/>\n&#8211; La Precisi\u00f3n en sus \u00e1ngulos de filo, genera una perfecta suavidad al corte.<\/p>\n<p>Para los quesos se requiere tener de diferentes modelos de cuchillos. para quesos frescos, como el Panela, que al cortarse requiere aire para no desbaratarse, se utiliza el cuchillo de tres agujeros, que permite que el queso respire.<\/p>\n<p>Para quesos duros, como el Gouda, se requiere un corte poroso pero firme, requieren el cuchillo con gravado y mango levantado, ya que su forma evita que al hacer un esfuerzo para cortar, nos machuquemos los dedos.<\/p>\n<h1><span style=\"color: #ff0000;\"><strong>PRECIO SUJETO A CAMBIOS.<\/strong><\/span><\/h1>\n","protected":false},"excerpt":{"rendered":"<p>-Fabricados en Acero Alem\u00e1n, cumpliendo los m\u00e1s estrictos y altos est\u00e1ndares de calidad.<br \/>\n&#8211; La Ergonom\u00eda de su empu\u00f1adura, que gracias al Polipropileno con que est\u00e1 fabricado permite una mayor adherencia a la mano y un soporte perfecto.<\/p>\n<h1><span style=\"color: #ff0000;\"><strong>PRECIO SUJETO A CAMBIOS.<\/strong><\/span><\/h1>\n","protected":false},"featured_media":1198,"template":"","meta":[],"product_brand":[],"product_cat":[814,847],"product_tag":[511,817,608,848,851],"class_list":{"0":"post-1197","1":"product","2":"type-product","3":"status-publish","4":"has-post-thumbnail","6":"product_cat-cuchilleria-y-accesorios","7":"product_cat-cuchillos-duramax","8":"product_tag-cuchillo","9":"product_tag-diferentes-modelos","10":"product_tag-diferentes-tamanos","11":"product_tag-duramax","12":"product_tag-queso","14":"first","15":"outofstock","16":"shipping-taxable","17":"purchasable","18":"product-type-simple"},"_links":{"self":[{"href":"https:\/\/basculassandiego.com\/tienda\/wp-json\/wp\/v2\/product\/1197","targetHints":{"allow":["GET"]}}],"collection":[{"href":"https:\/\/basculassandiego.com\/tienda\/wp-json\/wp\/v2\/product"}],"about":[{"href":"https:\/\/basculassandiego.com\/tienda\/wp-json\/wp\/v2\/types\/product"}],"wp:featuredmedia":[{"embeddable":true,"href":"https:\/\/basculassandiego.com\/tienda\/wp-json\/wp\/v2\/media\/1198"}],"wp:attachment":[{"href":"https:\/\/basculassandiego.com\/tienda\/wp-json\/wp\/v2\/media?parent=1197"}],"wp:term":[{"taxonomy":"product_brand","embeddable":true,"href":"https:\/\/basculassandiego.com\/tienda\/wp-json\/wp\/v2\/product_brand?post=1197"},{"taxonomy":"product_cat","embeddable":true,"href":"https:\/\/basculassandiego.com\/tienda\/wp-json\/wp\/v2\/product_cat?post=1197"},{"taxonomy":"product_tag","embeddable":true,"href":"https:\/\/basculassandiego.com\/tienda\/wp-json\/wp\/v2\/product_tag?post=1197"}],"curies":[{"name":"wp","href":"https:\/\/api.w.org\/{rel}","templated":true}]}}