{"id":1199,"date":"2020-06-03T18:03:24","date_gmt":"2020-06-03T18:03:24","guid":{"rendered":"https:\/\/basculassandiego.com\/tienda\/?post_type=product&#038;p=1199"},"modified":"2020-06-03T18:03:24","modified_gmt":"2020-06-03T18:03:24","slug":"cuchillo-para-visceras","status":"publish","type":"product","link":"https:\/\/basculassandiego.com\/tienda\/producto\/cuchillo-para-visceras\/","title":{"rendered":"CUCHILLO PARA VISCERAS"},"content":{"rendered":"<h1>CUCHILLO PARA VISCERAS <span class=\"smallText\">[H-KNTR-N]<\/span><\/h1>\n<p>-Fabricados en Acero Alem\u00e1n, cumpliendo los m\u00e1s estrictos y altos est\u00e1ndares de calidad.<br \/>\n&#8211; La Ergonom\u00eda de su empu\u00f1adura, que gracias al Polipropileno con que est\u00e1 fabricado permite una mayor adherencia a la mano y un soporte perfecto.<br \/>\n&#8211; La Dureza en el Acero, proporciona la mayor resistencia al desgaste.<br \/>\n&#8211; La Precisi\u00f3n en sus \u00e1ngulos de filo, genera una perfecta suavidad al corte.<\/p>\n<p>El Problema m\u00e1s com\u00fan al hacer cortes primarios, es que se pican las visceras y se contamina la carne.<br \/>\n\u00a1Evite p\u00e9rdidas de dinero por este problema!.<br \/>\nNuestro Cuchillo cuenta con una protecci\u00f3n en la punta para cortar la carne con confianza, sin temor a contaminarla.<\/p>\n<p>PRECIO SUJETO A CAMBIOS.<\/p>\n","protected":false},"excerpt":{"rendered":"<p>-Fabricados en Acero Alem\u00e1n, cumpliendo los m\u00e1s estrictos y altos est\u00e1ndares de calidad.<br \/>\n&#8211; La Ergonom\u00eda de su empu\u00f1adura, que gracias al Polipropileno con que est\u00e1 fabricado permite una mayor adherencia a la mano y un soporte perfecto.<\/p>\n","protected":false},"featured_media":1200,"template":"","meta":[],"product_brand":[],"product_cat":[814,847],"product_tag":[511,817,608,848,852],"class_list":{"0":"post-1199","1":"product","2":"type-product","3":"status-publish","4":"has-post-thumbnail","6":"product_cat-cuchilleria-y-accesorios","7":"product_cat-cuchillos-duramax","8":"product_tag-cuchillo","9":"product_tag-diferentes-modelos","10":"product_tag-diferentes-tamanos","11":"product_tag-duramax","12":"product_tag-visceras","14":"first","15":"instock","16":"shipping-taxable","17":"product-type-simple"},"_links":{"self":[{"href":"https:\/\/basculassandiego.com\/tienda\/wp-json\/wp\/v2\/product\/1199","targetHints":{"allow":["GET"]}}],"collection":[{"href":"https:\/\/basculassandiego.com\/tienda\/wp-json\/wp\/v2\/product"}],"about":[{"href":"https:\/\/basculassandiego.com\/tienda\/wp-json\/wp\/v2\/types\/product"}],"wp:featuredmedia":[{"embeddable":true,"href":"https:\/\/basculassandiego.com\/tienda\/wp-json\/wp\/v2\/media\/1200"}],"wp:attachment":[{"href":"https:\/\/basculassandiego.com\/tienda\/wp-json\/wp\/v2\/media?parent=1199"}],"wp:term":[{"taxonomy":"product_brand","embeddable":true,"href":"https:\/\/basculassandiego.com\/tienda\/wp-json\/wp\/v2\/product_brand?post=1199"},{"taxonomy":"product_cat","embeddable":true,"href":"https:\/\/basculassandiego.com\/tienda\/wp-json\/wp\/v2\/product_cat?post=1199"},{"taxonomy":"product_tag","embeddable":true,"href":"https:\/\/basculassandiego.com\/tienda\/wp-json\/wp\/v2\/product_tag?post=1199"}],"curies":[{"name":"wp","href":"https:\/\/api.w.org\/{rel}","templated":true}]}}