{"id":1441,"date":"2020-08-07T21:53:42","date_gmt":"2020-08-07T21:53:42","guid":{"rendered":"https:\/\/basculassandiego.com\/tienda\/?post_type=product&#038;p=1441"},"modified":"2025-05-04T20:21:17","modified_gmt":"2025-05-04T20:21:17","slug":"lavavajillas-lv-450","status":"publish","type":"product","link":"https:\/\/basculassandiego.com\/tienda\/producto\/lavavajillas-lv-450\/","title":{"rendered":"LAVAVAJILLAS LV-500"},"content":{"rendered":"<h1>Lavavajillas <span class=\"smallText\">[LV-500]<\/span><\/h1>\n<p>Construcci\u00f3n robusta en acero inoxidable, funci\u00f3n Thermal Clock para desinfecci\u00f3n garantizada, aislamiento termoacustico para un mayor ahorro de energ\u00eda, panel de control para programaci\u00f3n m\u00e1s amigable y brazos de lavado Hydroblade de mayor potencia y ahorro en consumo de agua.<\/p>\n<p>Construcci\u00f3n en acero inoxidable, funci\u00f3n Thermal Clock que asegura una temperatura id\u00f3nea para desinfectar y sanitizar la vajilla. Aislamiento termoac\u00fastico que retiene el calor residual de la m\u00e1quina ahorrando energ\u00eda y brazos de lavado Hydroblade para mayor potencia de lavado, y 30% de ahorro en consumo de agua.<\/p>\n<p>Con asa embutida Easy Grip de alta adherencia incluso con manos h\u00famedas, sistema de filtro de 3 capas, 3 ciclos de lavado y puerta abatible.<\/p>\n<p>Alto: 835mm x Ancho 580mm x Profundo 695mm<\/p>\n<p><span style=\"color: #ff0000;\">PRECIO SUJETO A CAMBIOS<\/span><\/p>\n<p>&nbsp;<\/p>\n","protected":false},"excerpt":{"rendered":"<p>Construcci\u00f3n robusta en acero inoxidable, funci\u00f3n Thermal Clock para desinfecci\u00f3n garantizada, aislamiento termoacustico para un mayor ahorro de energ\u00eda, panel de control para programaci\u00f3n m\u00e1s amigable y brazos de lavado Hydroblade de mayor potencia y ahorro en consumo de agua.<\/p>\n","protected":false},"featured_media":1442,"template":"","meta":[],"product_brand":[],"product_cat":[946,914],"product_tag":[949,947,22],"class_list":{"0":"post-1441","1":"product","2":"type-product","3":"status-publish","4":"has-post-thumbnail","6":"product_cat-lavavajillas","7":"product_cat-maquinaria-equipos-de-restaurant","8":"product_tag-400-platos","9":"product_tag-lavavajillas","10":"product_tag-torrey","12":"first","13":"instock","14":"shipping-taxable","15":"purchasable","16":"product-type-simple"},"_links":{"self":[{"href":"https:\/\/basculassandiego.com\/tienda\/wp-json\/wp\/v2\/product\/1441","targetHints":{"allow":["GET"]}}],"collection":[{"href":"https:\/\/basculassandiego.com\/tienda\/wp-json\/wp\/v2\/product"}],"about":[{"href":"https:\/\/basculassandiego.com\/tienda\/wp-json\/wp\/v2\/types\/product"}],"wp:featuredmedia":[{"embeddable":true,"href":"https:\/\/basculassandiego.com\/tienda\/wp-json\/wp\/v2\/media\/1442"}],"wp:attachment":[{"href":"https:\/\/basculassandiego.com\/tienda\/wp-json\/wp\/v2\/media?parent=1441"}],"wp:term":[{"taxonomy":"product_brand","embeddable":true,"href":"https:\/\/basculassandiego.com\/tienda\/wp-json\/wp\/v2\/product_brand?post=1441"},{"taxonomy":"product_cat","embeddable":true,"href":"https:\/\/basculassandiego.com\/tienda\/wp-json\/wp\/v2\/product_cat?post=1441"},{"taxonomy":"product_tag","embeddable":true,"href":"https:\/\/basculassandiego.com\/tienda\/wp-json\/wp\/v2\/product_tag?post=1441"}],"curies":[{"name":"wp","href":"https:\/\/api.w.org\/{rel}","templated":true}]}}