{"id":1461,"date":"2020-08-08T23:47:13","date_gmt":"2020-08-08T23:47:13","guid":{"rendered":"https:\/\/basculassandiego.com\/tienda\/?post_type=product&#038;p=1461"},"modified":"2025-05-03T23:11:19","modified_gmt":"2025-05-03T23:11:19","slug":"rosticero-con-capacidad-hasta-48-pollos-rt48","status":"publish","type":"product","link":"https:\/\/basculassandiego.com\/tienda\/producto\/rosticero-con-capacidad-hasta-48-pollos-rt48\/","title":{"rendered":"ROSTICERO CON CAPACIDAD HASTA 48 POLLOS. RT48"},"content":{"rendered":"<h1>Rosticero con capacidad hasta 48 pollos.<br \/>\n<span class=\"smallText\">[RT48]<\/span><\/h1>\n<p>Tiempo aproximado de cocci\u00f3n 90 a 100 minutos.<br \/>\nTecho y pared posterior fabricados de cer\u00e1mica que ayuda a conservar el calor.<br \/>\nCristal templado al frente.<br \/>\nIncluye regulador de gas, fija pollos y varillas.<br \/>\nRosticero con capacidad hasta 48 pollos.<br \/>\nGas butano.<br \/>\nAlmac\u00e9n de conservaci\u00f3n con exhibici\u00f3n.<br \/>\nMotor de 1\/3HP. 120v\/60HZ.<br \/>\n6 (canastilla, fija pollo estilo sinaloa y espada se vende por separado).<\/p>\n<p><span style=\"color: #ff0000;\">PRECIO SUJETO A CAMBIOS.<\/span><\/p>\n","protected":false},"excerpt":{"rendered":"<p>Tiempo aproximado de cocci\u00f3n 90 a 100 minutos.<br \/>\nTecho y pared posterior fabricados de cer\u00e1mica que ayuda a conservar el calor.<br \/>\nCristal templado al frente.<br \/>\nIncluye regulador de gas, fija pollos y varillas.<br \/>\nRosticero con capacidad hasta 48 pollos.<\/p>\n","protected":false},"featured_media":1462,"template":"","meta":[],"product_brand":[],"product_cat":[914,960],"product_tag":[964,963,426,22],"class_list":{"0":"post-1461","1":"product","2":"type-product","3":"status-publish","4":"has-post-thumbnail","6":"product_cat-maquinaria-equipos-de-restaurant","7":"product_cat-rosticeros","8":"product_tag-48-pollos","9":"product_tag-coccion-90-min","10":"product_tag-rosticero","11":"product_tag-torrey","13":"first","14":"instock","15":"shipping-taxable","16":"purchasable","17":"product-type-simple"},"_links":{"self":[{"href":"https:\/\/basculassandiego.com\/tienda\/wp-json\/wp\/v2\/product\/1461","targetHints":{"allow":["GET"]}}],"collection":[{"href":"https:\/\/basculassandiego.com\/tienda\/wp-json\/wp\/v2\/product"}],"about":[{"href":"https:\/\/basculassandiego.com\/tienda\/wp-json\/wp\/v2\/types\/product"}],"wp:featuredmedia":[{"embeddable":true,"href":"https:\/\/basculassandiego.com\/tienda\/wp-json\/wp\/v2\/media\/1462"}],"wp:attachment":[{"href":"https:\/\/basculassandiego.com\/tienda\/wp-json\/wp\/v2\/media?parent=1461"}],"wp:term":[{"taxonomy":"product_brand","embeddable":true,"href":"https:\/\/basculassandiego.com\/tienda\/wp-json\/wp\/v2\/product_brand?post=1461"},{"taxonomy":"product_cat","embeddable":true,"href":"https:\/\/basculassandiego.com\/tienda\/wp-json\/wp\/v2\/product_cat?post=1461"},{"taxonomy":"product_tag","embeddable":true,"href":"https:\/\/basculassandiego.com\/tienda\/wp-json\/wp\/v2\/product_tag?post=1461"}],"curies":[{"name":"wp","href":"https:\/\/api.w.org\/{rel}","templated":true}]}}