{"id":1514,"date":"2020-08-10T19:30:02","date_gmt":"2020-08-10T19:30:02","guid":{"rendered":"https:\/\/basculassandiego.com\/tienda\/?post_type=product&#038;p=1514"},"modified":"2025-05-03T18:37:34","modified_gmt":"2025-05-03T18:37:34","slug":"rebanadora-de-acero-inoxidable-ss-300","status":"publish","type":"product","link":"https:\/\/basculassandiego.com\/tienda\/producto\/rebanadora-de-acero-inoxidable-ss-300\/","title":{"rendered":"REBANADORA DE ACERO INOXIDABLE SS-300"},"content":{"rendered":"<h1>REBANADORA DE ACERO INOXIDABLE<\/h1>\n<h1><span class=\"smallText\">[SS-300]<\/span><\/h1>\n<p>Cuchilla de acero al cromo duro de 300 mm (11.5&#8243;)<br \/>\nConstruida en acero inoxidable.<br \/>\nTransmisi\u00f3n de banda.<br \/>\nMotor de 1\/3 HP monof\u00e1sico.<br \/>\nSu construcci\u00f3n en acero inoxidable la hace higi\u00e9nica y resistente, adem\u00e1s de brindarle un aspecto gourmet a tu negocio.<br \/>\nCuenta con un angulo de 45 grados, que permite que el producto caiga por gravedad, evitando que al operador usar fuerza para que el producto caiga.<br \/>\nManten a tu cuchilla siempre afilada, gracias a su afilador integrado.<br \/>\nCuenta con un regulador de ancho de corte que te permite rebanar tu producto a diferentes tama\u00f1os de rebanadas consistentes.<\/p>\n<p>P<span style=\"color: #ff0000;\">RECIO SUJETO A CAMBIO.<\/span><\/p>\n","protected":false},"excerpt":{"rendered":"<p>Cuchilla de acero al cromo duro de 300 mm (11.5&#8243;)<br \/>\nConstruida en acero inoxidable.<br \/>\nTransmisi\u00f3n de banda.<br \/>\nMotor de 1\/3 HP monof\u00e1sico.<br \/>\nSu construcci\u00f3n en acero inoxidable la hace higi\u00e9nica y resistente, adem\u00e1s de brindarle un aspecto gourmet a tu negocio.<\/p>\n","protected":false},"featured_media":1515,"template":"","meta":[],"product_brand":[],"product_cat":[914,998],"product_tag":[42,1004,1002,22],"class_list":{"0":"post-1514","1":"product","2":"type-product","3":"status-publish","4":"has-post-thumbnail","6":"product_cat-maquinaria-equipos-de-restaurant","7":"product_cat-rebanadoras","8":"product_tag-acero-inoxidable","9":"product_tag-cuchilla-de-acero-al-cromo","10":"product_tag-rebanadora","11":"product_tag-torrey","13":"first","14":"instock","15":"shipping-taxable","16":"purchasable","17":"product-type-simple"},"_links":{"self":[{"href":"https:\/\/basculassandiego.com\/tienda\/wp-json\/wp\/v2\/product\/1514","targetHints":{"allow":["GET"]}}],"collection":[{"href":"https:\/\/basculassandiego.com\/tienda\/wp-json\/wp\/v2\/product"}],"about":[{"href":"https:\/\/basculassandiego.com\/tienda\/wp-json\/wp\/v2\/types\/product"}],"wp:featuredmedia":[{"embeddable":true,"href":"https:\/\/basculassandiego.com\/tienda\/wp-json\/wp\/v2\/media\/1515"}],"wp:attachment":[{"href":"https:\/\/basculassandiego.com\/tienda\/wp-json\/wp\/v2\/media?parent=1514"}],"wp:term":[{"taxonomy":"product_brand","embeddable":true,"href":"https:\/\/basculassandiego.com\/tienda\/wp-json\/wp\/v2\/product_brand?post=1514"},{"taxonomy":"product_cat","embeddable":true,"href":"https:\/\/basculassandiego.com\/tienda\/wp-json\/wp\/v2\/product_cat?post=1514"},{"taxonomy":"product_tag","embeddable":true,"href":"https:\/\/basculassandiego.com\/tienda\/wp-json\/wp\/v2\/product_tag?post=1514"}],"curies":[{"name":"wp","href":"https:\/\/api.w.org\/{rel}","templated":true}]}}