{"id":1571,"date":"2020-08-11T01:07:51","date_gmt":"2020-08-11T01:07:51","guid":{"rendered":"https:\/\/basculassandiego.com\/tienda\/?post_type=product&#038;p=1571"},"modified":"2025-05-03T18:31:16","modified_gmt":"2025-05-03T18:31:16","slug":"molino-mezclador-mmx-32","status":"publish","type":"product","link":"https:\/\/basculassandiego.com\/tienda\/producto\/molino-mezclador-mmx-32\/","title":{"rendered":"MOLINO MEZCLADOR MMX-32"},"content":{"rendered":"<h1>MOLINO MEZCLADOR <span class=\"smallText\">[MMX-32]<\/span><\/h1>\n<p>El Molino Mezclador MMX-32, cuenta con un contenedor tipo tolva con capacidad de 50 kg.<br \/>\nGran capacidad de molienda de m\u00e1s de 30 kg\/min. ( 1.8 toneladas por hora), que lo hace ideal para Carnicer\u00edas, supermercados, comedores industriales y empacadoras.<br \/>\nCuenta con 4 llantas, 2 giratorias con frenos (delanteras) y 2 fijas, lo que facilita la tarea de mover el equipo de un lugar a otro.<br \/>\nDesarma aspas y unidad de molienda de forma f\u00e1cil y r\u00e1pida sin necesidad de herramientas.<br \/>\nCuenta con 1 sensor de seguridad ubicado estrat\u00e9gicamente en la tapa, para que al ser abierta el equipo se apague autom\u00e1ticamente.<br \/>\nGracias a su contenedor de gran capacidad puedes colocar productos de amplio volumen que pues ser quebrados por las aspas del sistema de mezclado, agilizando el proceso de molienda.<br \/>\nControl de pedal, gracias a su resistente pedal, reduce significativamente los tiempos de operaci\u00f3n.<br \/>\nGracias a su construcci\u00f3n en acero inoxidable y sellado herm\u00e9tico este equipo es completamente lavable a chorro de agua, perminti\u00e9ndo agilizar las labores de limpieza.<\/p>\n<p><span style=\"color: #ff0000;\">PRECIO SUJETO A CAMBIOS.<\/span><\/p>\n","protected":false},"excerpt":{"rendered":"<p>El Molino Mezclador MMX-32, cuenta con un contenedor tipo tolva con capacidad de 50 kg.<br \/>\nGran capacidad de molienda de m\u00e1s de 30 kg\/min. ( 1.8 toneladas por hora), que lo hace ideal para Carnicer\u00edas, supermercados, comedores industriales y empacadoras.<br \/>\nCuenta con 4 llantas, 2 giratorias con frenos (delanteras) y 2 fijas, lo que facilita la tarea de mover el equipo de un lugar a otro.<br \/>\nDesarma aspas y unidad de molienda de forma f\u00e1cil y r\u00e1pida sin necesidad de herramientas.<\/p>\n","protected":false},"featured_media":1572,"template":"","meta":[],"product_brand":[],"product_cat":[914,1017],"product_tag":[1028,656,1027,773,22],"class_list":{"0":"post-1571","1":"product","2":"type-product","3":"status-publish","4":"has-post-thumbnail","6":"product_cat-maquinaria-equipos-de-restaurant","7":"product_cat-molinos-y-accesorios","8":"product_tag-50-kls","9":"product_tag-carnicero","10":"product_tag-mezclador","11":"product_tag-molino","12":"product_tag-torrey","14":"first","15":"instock","16":"shipping-taxable","17":"purchasable","18":"product-type-simple"},"_links":{"self":[{"href":"https:\/\/basculassandiego.com\/tienda\/wp-json\/wp\/v2\/product\/1571","targetHints":{"allow":["GET"]}}],"collection":[{"href":"https:\/\/basculassandiego.com\/tienda\/wp-json\/wp\/v2\/product"}],"about":[{"href":"https:\/\/basculassandiego.com\/tienda\/wp-json\/wp\/v2\/types\/product"}],"wp:featuredmedia":[{"embeddable":true,"href":"https:\/\/basculassandiego.com\/tienda\/wp-json\/wp\/v2\/media\/1572"}],"wp:attachment":[{"href":"https:\/\/basculassandiego.com\/tienda\/wp-json\/wp\/v2\/media?parent=1571"}],"wp:term":[{"taxonomy":"product_brand","embeddable":true,"href":"https:\/\/basculassandiego.com\/tienda\/wp-json\/wp\/v2\/product_brand?post=1571"},{"taxonomy":"product_cat","embeddable":true,"href":"https:\/\/basculassandiego.com\/tienda\/wp-json\/wp\/v2\/product_cat?post=1571"},{"taxonomy":"product_tag","embeddable":true,"href":"https:\/\/basculassandiego.com\/tienda\/wp-json\/wp\/v2\/product_tag?post=1571"}],"curies":[{"name":"wp","href":"https:\/\/api.w.org\/{rel}","templated":true}]}}