{"id":1573,"date":"2020-08-11T01:11:18","date_gmt":"2020-08-11T01:11:18","guid":{"rendered":"https:\/\/basculassandiego.com\/tienda\/?post_type=product&#038;p=1573"},"modified":"2025-05-03T18:22:23","modified_gmt":"2025-05-03T18:22:23","slug":"molino-restaurantero-m-12-fs","status":"publish","type":"product","link":"https:\/\/basculassandiego.com\/tienda\/producto\/molino-restaurantero-m-12-fs\/","title":{"rendered":"MOLINO RESTAURANTERO M-12-FS"},"content":{"rendered":"<h1>MOLINO RESTAURANTERO <span class=\"smallText\">[M-12-FS]<\/span><\/h1>\n<p>Higienico y resistente, gracias a su charola y gabinete construidos en acero inoxidable grado alimenticio.<br \/>\nF\u00e1cil limpieza sin herramientas, gracias a su unidad de molienda desmontable.<br \/>\nRealiza una alta producci\u00f3n ya que su capacidad de molienda es de 3.3 kg por minuto.<br \/>\nPor su tama\u00f1o compacto es f\u00e1cil de desplazar en el \u00e1rea de trabajo con rapidez adem\u00e1s es f\u00e1cil de acomodar en cualquier cocina sin importar su tama\u00f1o.<br \/>\nIdeal para poner grandes porciones de producci\u00f3n antes de procesar el producto.<\/p>\n<p><span style=\"color: #ff0000;\">PRECIO SUJETO A CAMBIOS<\/span><\/p>\n","protected":false},"excerpt":{"rendered":"<p>Higienico y resistente, gracias a su charola y gabinete construidos en acero inoxidable grado alimenticio.<br \/>\nF\u00e1cil limpieza sin herramientas, gracias a su unidad de molienda desmontable.<br \/>\nRealiza una alta producci\u00f3n ya que su capacidad de molienda es de 3.3 kg por minuto.<\/p>\n","protected":false},"featured_media":1574,"template":"","meta":[],"product_brand":[],"product_cat":[914,1017],"product_tag":[42,773,1029,22],"class_list":{"0":"post-1573","1":"product","2":"type-product","3":"status-publish","4":"has-post-thumbnail","6":"product_cat-maquinaria-equipos-de-restaurant","7":"product_cat-molinos-y-accesorios","8":"product_tag-acero-inoxidable","9":"product_tag-molino","10":"product_tag-restaurantero","11":"product_tag-torrey","13":"first","14":"instock","15":"shipping-taxable","16":"purchasable","17":"product-type-simple"},"_links":{"self":[{"href":"https:\/\/basculassandiego.com\/tienda\/wp-json\/wp\/v2\/product\/1573","targetHints":{"allow":["GET"]}}],"collection":[{"href":"https:\/\/basculassandiego.com\/tienda\/wp-json\/wp\/v2\/product"}],"about":[{"href":"https:\/\/basculassandiego.com\/tienda\/wp-json\/wp\/v2\/types\/product"}],"wp:featuredmedia":[{"embeddable":true,"href":"https:\/\/basculassandiego.com\/tienda\/wp-json\/wp\/v2\/media\/1574"}],"wp:attachment":[{"href":"https:\/\/basculassandiego.com\/tienda\/wp-json\/wp\/v2\/media?parent=1573"}],"wp:term":[{"taxonomy":"product_brand","embeddable":true,"href":"https:\/\/basculassandiego.com\/tienda\/wp-json\/wp\/v2\/product_brand?post=1573"},{"taxonomy":"product_cat","embeddable":true,"href":"https:\/\/basculassandiego.com\/tienda\/wp-json\/wp\/v2\/product_cat?post=1573"},{"taxonomy":"product_tag","embeddable":true,"href":"https:\/\/basculassandiego.com\/tienda\/wp-json\/wp\/v2\/product_tag?post=1573"}],"curies":[{"name":"wp","href":"https:\/\/api.w.org\/{rel}","templated":true}]}}