{"id":1883,"date":"2020-10-02T18:15:46","date_gmt":"2020-10-02T18:15:46","guid":{"rendered":"https:\/\/basculassandiego.com\/tienda\/?post_type=product&#038;p=1883"},"modified":"2024-02-15T22:41:46","modified_gmt":"2024-02-15T22:41:46","slug":"rallador-de-verduras-quality-kitchen","status":"publish","type":"product","link":"https:\/\/basculassandiego.com\/tienda\/producto\/rallador-de-verduras-quality-kitchen\/","title":{"rendered":"RALLADOR DE VERDURAS QUALITY KITCHEN"},"content":{"rendered":"<h1>RALLADOR DE VERDURAS QUALITY KITCHEN<br \/>\n<span class=\"smallText\">[JM002]<\/span><\/h1>\n<p>El rebanador de alimentos es una pieza realizada con precisi\u00f3n de ingenier\u00eda dise\u00f1ada para que el uso del producto sea sencillo y f\u00e1cil, el cual permite rebanar perfectamente todo tipo de alimentos incluyendo vegetales, frutas, galletas, queso, salchichas duras, camarones y algunos tipos de carne.<br \/>\nEste producto es una pieza de alta calidad hecha en cromo y acero inoxidable grado alimenticio que le dar\u00e1n una mayor durabilidad y protecci\u00f3n.<\/p>\n<p>Especificaciones y partes:<br \/>\nFabricado en cromo y acero inoxidable pes\u00f3 4.5 kg Rebanador manual de tres patas con presionador de seguridad.<br \/>\nHecho en material de cromo y acero inoxidable grado alimenticio.<br \/>\n5 conos con diferentes tipos de cortes hechos en acero inoxidable y de 1mm de espesor ( Mayor grosor ).<\/p>\n<p>Cono No. 1 Desfibrador: Este cono se emplea en todos aquellos casos que se desee rallar finamente los alimentos duros como: queso duro, chocolate, pan duro, galletas, nueces, coco, etc.<\/p>\n<p>Cono No. 2 Larguero: Se usa para cortar en tiras peque\u00f1as variedad de alimentos como papas, verduras, cebollas, apios, quesos y frutas. No es necesario pelar las papas, solo l\u00e1velas y use el cono para cortarlas finamente.<\/p>\n<p>Cono No. 3 Corte Juliana: Este cono est\u00e1 dise\u00f1ado especialmente para hacer cortes perfectos de papa y otros alimentos similares en la forma conocida como la juliana.<\/p>\n<p>Cono No. 4 Rebanador fino: Rebana en forma r\u00e1pida cebollas, pepinillos, r\u00e1banos, zanahorias, papas, etc. Use la gu\u00eda de alimentos con la mayor\u00eda de las frutas y verduras para obtener rebanadas parejas.<\/p>\n<p>Cono No. 5 Waffler: Cortes atractivos que hacen que las frutas y verduras frescas luzcan mas apetitosas. Corte manzanas, pl\u00e1tanos, remolachas, zanahorias, camotes, pepinos, repollo y papas.<\/p>\n<p><span style=\"color: #ff0000;\"><strong>PRECIO SUJETO A CAMBIOS.<\/strong><\/span><\/p>\n","protected":false},"excerpt":{"rendered":"<p>El rebanador de alimentos es una pieza realizada con precisi\u00f3n de ingenier\u00eda dise\u00f1ada para que el uso del producto sea sencillo y f\u00e1cil, el cual permite rebanar perfectamente todo tipo de alimentos incluyendo vegetales, frutas, galletas, queso, salchichas duras, camarones y algunos tipos de carne.<br \/>\nEste producto es una pieza de alta calidad hecha en cromo y acero inoxidable grado alimenticio que le dar\u00e1n una mayor durabilidad y protecci\u00f3n.<\/p>\n<p><span style=\"color: #ff0000;\"><strong>PRECIO SUJETO A CAMBIOS.<\/strong><\/span><\/p>\n","protected":false},"featured_media":1884,"template":"","meta":[],"product_brand":[],"product_cat":[1248,1074],"product_tag":[1252,1254,1253,1251,1197,1000],"class_list":{"0":"post-1883","1":"product","2":"type-product","3":"status-publish","4":"has-post-thumbnail","6":"product_cat-rallador-de-verduras","7":"product_cat-utensilios-de-cocina","8":"product_tag-5-conos","9":"product_tag-cromo-y-acero-inoxidable","10":"product_tag-diferentes-cortes","11":"product_tag-quality-kitchen","12":"product_tag-rallador","13":"product_tag-verduras","15":"first","16":"instock","17":"shipping-taxable","18":"purchasable","19":"product-type-simple"},"_links":{"self":[{"href":"https:\/\/basculassandiego.com\/tienda\/wp-json\/wp\/v2\/product\/1883","targetHints":{"allow":["GET"]}}],"collection":[{"href":"https:\/\/basculassandiego.com\/tienda\/wp-json\/wp\/v2\/product"}],"about":[{"href":"https:\/\/basculassandiego.com\/tienda\/wp-json\/wp\/v2\/types\/product"}],"wp:featuredmedia":[{"embeddable":true,"href":"https:\/\/basculassandiego.com\/tienda\/wp-json\/wp\/v2\/media\/1884"}],"wp:attachment":[{"href":"https:\/\/basculassandiego.com\/tienda\/wp-json\/wp\/v2\/media?parent=1883"}],"wp:term":[{"taxonomy":"product_brand","embeddable":true,"href":"https:\/\/basculassandiego.com\/tienda\/wp-json\/wp\/v2\/product_brand?post=1883"},{"taxonomy":"product_cat","embeddable":true,"href":"https:\/\/basculassandiego.com\/tienda\/wp-json\/wp\/v2\/product_cat?post=1883"},{"taxonomy":"product_tag","embeddable":true,"href":"https:\/\/basculassandiego.com\/tienda\/wp-json\/wp\/v2\/product_tag?post=1883"}],"curies":[{"name":"wp","href":"https:\/\/api.w.org\/{rel}","templated":true}]}}