{"id":2020,"date":"2021-04-07T01:40:30","date_gmt":"2021-04-07T01:40:30","guid":{"rendered":"https:\/\/basculassandiego.com\/tienda\/?post_type=product&#038;p=2020"},"modified":"2021-11-01T20:15:14","modified_gmt":"2021-11-01T20:15:14","slug":"batidora-kitchenaid-profesional-5-7-lts","status":"publish","type":"product","link":"https:\/\/basculassandiego.com\/tienda\/producto\/batidora-kitchenaid-profesional-5-7-lts\/","title":{"rendered":"BATIDORA KITCHENAID PROFESIONAL 5.7 LTS"},"content":{"rendered":"<p>BATIDORA KITCHENAID PROFESIONAL 5.7 LITROS.<\/p>\n<p>La Batidora Professional 600 \u2122 de KitchenAid\u00ae Series 6 Quart Bowl-Lift es perfecta para mezclas pesadas y densas.<\/p>\n<p>Ofrece la capacidad de hacer hasta 13 docenas de galletas en una sola exhibici\u00f3n y tiene 10 velocidades para mezclar, amasar y batir los ingredientes de manera r\u00e1pida y f\u00e1cil.<\/p>\n<p>Para una mayor versatilidad, utilice el concentrador de potencia para convertir su batidora en un centro culinario con m\u00e1s de 10 accesorios, desde molino de carne hasta maquina para hacer pasta y m\u00e1s.<\/p>\n<p><span style=\"color: #ff0000;\"><strong>PRECIO SUJETO A CAMBIOS<\/strong><\/span><\/p>\n","protected":false},"excerpt":{"rendered":"<p>La Batidora Professional 600 \u2122 de KitchenAid\u00ae Series 6 Quart Bowl-Lift es perfecta para mezclas pesadas y densas.<\/p>\n","protected":false},"featured_media":2022,"template":"","meta":[],"product_brand":[],"product_cat":[622],"product_tag":[1322,624,623],"class_list":{"0":"post-2020","1":"product","2":"type-product","3":"status-publish","4":"has-post-thumbnail","6":"product_cat-batidora","7":"product_tag-5-7-litros","8":"product_tag-batidora","9":"product_tag-kitchenaid","11":"first","12":"instock","13":"shipping-taxable","14":"purchasable","15":"product-type-simple"},"_links":{"self":[{"href":"https:\/\/basculassandiego.com\/tienda\/wp-json\/wp\/v2\/product\/2020","targetHints":{"allow":["GET"]}}],"collection":[{"href":"https:\/\/basculassandiego.com\/tienda\/wp-json\/wp\/v2\/product"}],"about":[{"href":"https:\/\/basculassandiego.com\/tienda\/wp-json\/wp\/v2\/types\/product"}],"wp:featuredmedia":[{"embeddable":true,"href":"https:\/\/basculassandiego.com\/tienda\/wp-json\/wp\/v2\/media\/2022"}],"wp:attachment":[{"href":"https:\/\/basculassandiego.com\/tienda\/wp-json\/wp\/v2\/media?parent=2020"}],"wp:term":[{"taxonomy":"product_brand","embeddable":true,"href":"https:\/\/basculassandiego.com\/tienda\/wp-json\/wp\/v2\/product_brand?post=2020"},{"taxonomy":"product_cat","embeddable":true,"href":"https:\/\/basculassandiego.com\/tienda\/wp-json\/wp\/v2\/product_cat?post=2020"},{"taxonomy":"product_tag","embeddable":true,"href":"https:\/\/basculassandiego.com\/tienda\/wp-json\/wp\/v2\/product_tag?post=2020"}],"curies":[{"name":"wp","href":"https:\/\/api.w.org\/{rel}","templated":true}]}}