{"id":2068,"date":"2021-08-02T18:52:07","date_gmt":"2021-08-02T18:52:07","guid":{"rendered":"https:\/\/basculassandiego.com\/tienda\/?post_type=product&#038;p=2068"},"modified":"2023-03-20T16:22:12","modified_gmt":"2023-03-20T16:22:12","slug":"parrilla-conservadora-de-cafe-mod-pa-2b","status":"publish","type":"product","link":"https:\/\/basculassandiego.com\/tienda\/producto\/parrilla-conservadora-de-cafe-mod-pa-2b\/","title":{"rendered":"PARRILLA CONSERVADORA DE CAFE Mod. PA-2B"},"content":{"rendered":"<h1 class=\"entry-title\">PARRILLA CONSERVADORA DE CAFE Mod. PA-2Cuenta con dos resistencias el\u00e9ctricas de 130 W a 127 V.<\/h1>\n<p>La parrilla de acero inoxidable esta fabricada en acero inoxidable T-304 grado alimenticio.<br \/>\nEsta dise\u00f1ada para conservar el caf\u00e9 a una temperatura perfecta, cuenta con un interruptor y foco individual, adem\u00e1s de contar con un sistema autom\u00e1tico de encendido cuando se coloca la jarra.<br \/>\nCuenta con dos resistencias el\u00e9ctricas de 130 W a 127 V.<\/p>\n<table style=\"height: 69px;\" width=\"401\">\n<tbody>\n<tr>\n<th>Frente<\/th>\n<th>Fondo<\/th>\n<th>Alto<\/th>\n<th>Peso<\/th>\n<\/tr>\n<tr>\n<td>35.5 CM<\/td>\n<td>18.6 CM<\/td>\n<td>9.0 CM<\/td>\n<td>2.5 KG<\/td>\n<td><\/td>\n<\/tr>\n<\/tbody>\n<\/table>\n<p><strong><span style=\"color: #ff0000;\">PRECIO SUJETO A CAMBIOS.<\/span><\/strong><\/p>\n","protected":false},"excerpt":{"rendered":"<p>La parrilla de acero inoxidable esta fabricada en acero inoxidable T-304 grado alimenticio.<br \/>\nEsta dise\u00f1ada para conservar el caf\u00e9 a una temperatura perfecta, cuenta con un interruptor y foco individual, adem\u00e1s de contar con un sistema autom\u00e1tico de encendido cuando se coloca la jarra.<\/p>\n","protected":false},"featured_media":2069,"template":"","meta":[],"product_brand":[],"product_cat":[756,721],"product_tag":[723,452,446,955],"class_list":{"0":"post-2068","1":"product","2":"type-product","3":"status-publish","4":"has-post-thumbnail","6":"product_cat-cafetera-secretarial-percoladora","7":"product_cat-cafeteria","8":"product_tag-cafetera","9":"product_tag-electrica","10":"product_tag-international","11":"product_tag-parrilla","13":"first","14":"instock","15":"shipping-taxable","16":"purchasable","17":"product-type-simple"},"_links":{"self":[{"href":"https:\/\/basculassandiego.com\/tienda\/wp-json\/wp\/v2\/product\/2068","targetHints":{"allow":["GET"]}}],"collection":[{"href":"https:\/\/basculassandiego.com\/tienda\/wp-json\/wp\/v2\/product"}],"about":[{"href":"https:\/\/basculassandiego.com\/tienda\/wp-json\/wp\/v2\/types\/product"}],"wp:featuredmedia":[{"embeddable":true,"href":"https:\/\/basculassandiego.com\/tienda\/wp-json\/wp\/v2\/media\/2069"}],"wp:attachment":[{"href":"https:\/\/basculassandiego.com\/tienda\/wp-json\/wp\/v2\/media?parent=2068"}],"wp:term":[{"taxonomy":"product_brand","embeddable":true,"href":"https:\/\/basculassandiego.com\/tienda\/wp-json\/wp\/v2\/product_brand?post=2068"},{"taxonomy":"product_cat","embeddable":true,"href":"https:\/\/basculassandiego.com\/tienda\/wp-json\/wp\/v2\/product_cat?post=2068"},{"taxonomy":"product_tag","embeddable":true,"href":"https:\/\/basculassandiego.com\/tienda\/wp-json\/wp\/v2\/product_tag?post=2068"}],"curies":[{"name":"wp","href":"https:\/\/api.w.org\/{rel}","templated":true}]}}