{"id":2341,"date":"2023-09-24T13:59:21","date_gmt":"2023-09-24T13:59:21","guid":{"rendered":"https:\/\/basculassandiego.com\/tienda\/?post_type=product&#038;p=2341"},"modified":"2023-09-24T13:59:21","modified_gmt":"2023-09-24T13:59:21","slug":"bascula-de-plataforma-plegable-500-kg","status":"publish","type":"product","link":"https:\/\/basculassandiego.com\/tienda\/producto\/bascula-de-plataforma-plegable-500-kg\/","title":{"rendered":"BASCULA DE PLATAFORMA PLEGABLE 500 kg"},"content":{"rendered":"<h2><strong>BASCULA DE PLATAFORMA PLEGABLE 500 kg<\/strong><\/h2>\n<p>Marca: Rhino<\/p>\n<p>Modelo: BAPCA-500 (indicador incluido)<\/p>\n<p>Capacidad: 500 kg<\/p>\n<p>Precisi\u00f3n: 50 g<\/p>\n<p>Pantallas de Peso, Precio e Importe<\/p>\n<p>Bater\u00eda recargable de 100 horas<\/p>\n<p>Doble pantalla para usuario y cliente<\/p>\n<p>Excelente herramienta para el comercio gracias a su doble pantalla (usuario y cliente) que muestra peso, precio e importe<\/p>\n<p>Indicador de acero inoxidable<\/p>\n<p>F\u00e1cil transportaci\u00f3n gracias a su dise\u00f1o plegable port\u00e1til<\/p>\n<p>Funci\u00f3n de c\u00e1lculo de cambio<\/p>\n<p>Plataforma de acero al carbono con superficie diamante antiderrapante<\/p>\n<h1><span style=\"color: #ff0000;\">PRECIO SUJETO A CAMBIOS.<\/span><\/h1>\n","protected":false},"excerpt":{"rendered":"<p>Capacidad: 500 kg<\/p>\n<p>Precisi\u00f3n: 50 g<\/p>\n<p>Pantallas de Peso, Precio e Importe<\/p>\n<p>Bater\u00eda recargable de 100 horas<\/p>\n<p>Doble pantalla para usuario y cliente<\/p>\n<p>Excelente herramienta para el comercio gracias a su doble pantalla (usuario y cliente) que muestra peso, precio e importe<\/p>\n<p>Indicador de acero inoxidable<\/p>\n<h1><span style=\"color: #ff0000;\">PRECIO SUJETO A CAMBIOS.<\/span><\/h1>\n","protected":false},"featured_media":2342,"template":"","meta":[],"product_brand":[],"product_cat":[19,330],"product_tag":[313,23,1382,1381,294],"class_list":{"0":"post-2341","1":"product","2":"type-product","3":"status-publish","4":"has-post-thumbnail","6":"product_cat-basculas","7":"product_cat-plataformas-bajo-perfil","8":"product_tag-500-kg","9":"product_tag-bascula","10":"product_tag-plataforma","11":"product_tag-plegable","12":"product_tag-rhino","14":"first","15":"instock","16":"shipping-taxable","17":"purchasable","18":"product-type-simple"},"_links":{"self":[{"href":"https:\/\/basculassandiego.com\/tienda\/wp-json\/wp\/v2\/product\/2341","targetHints":{"allow":["GET"]}}],"collection":[{"href":"https:\/\/basculassandiego.com\/tienda\/wp-json\/wp\/v2\/product"}],"about":[{"href":"https:\/\/basculassandiego.com\/tienda\/wp-json\/wp\/v2\/types\/product"}],"wp:featuredmedia":[{"embeddable":true,"href":"https:\/\/basculassandiego.com\/tienda\/wp-json\/wp\/v2\/media\/2342"}],"wp:attachment":[{"href":"https:\/\/basculassandiego.com\/tienda\/wp-json\/wp\/v2\/media?parent=2341"}],"wp:term":[{"taxonomy":"product_brand","embeddable":true,"href":"https:\/\/basculassandiego.com\/tienda\/wp-json\/wp\/v2\/product_brand?post=2341"},{"taxonomy":"product_cat","embeddable":true,"href":"https:\/\/basculassandiego.com\/tienda\/wp-json\/wp\/v2\/product_cat?post=2341"},{"taxonomy":"product_tag","embeddable":true,"href":"https:\/\/basculassandiego.com\/tienda\/wp-json\/wp\/v2\/product_tag?post=2341"}],"curies":[{"name":"wp","href":"https:\/\/api.w.org\/{rel}","templated":true}]}}