{"id":2431,"date":"2025-03-22T22:02:12","date_gmt":"2025-03-22T22:02:12","guid":{"rendered":"https:\/\/basculassandiego.com\/tienda\/?post_type=product&#038;p=2431"},"modified":"2025-05-01T02:44:21","modified_gmt":"2025-05-01T02:44:21","slug":"jarra-hervidor-de-agua","status":"publish","type":"product","link":"https:\/\/basculassandiego.com\/tienda\/producto\/jarra-hervidor-de-agua\/","title":{"rendered":"JARRA HERVIDOR DE AGUA"},"content":{"rendered":"<h2><strong>JARRA HERVIDOR DE AGUA<\/strong><\/h2>\n<p>Jarra el\u00e9ctrica para calentar agua. Tensi\u00f3n 127v. Frecuencia 60Hz. Capacidad 1.8 litros. 1000W de potencia. Sistema de base inal\u00e1mbrico. Cubierta de acero inoxidable 201#. Luz indicadora. Apagado autom\u00e1tico. Base removible.<\/p>\n<p><span style=\"color: #ff0000;\">PRECIO SUJETO A CAMBIOS.<\/span><\/p>\n","protected":false},"excerpt":{"rendered":"<p>Jarra el\u00e9ctrica para calentar agua. Tensi\u00f3n 127v. Frecuencia 60Hz. Capacidad 1.8 litros. 1000W de potencia. Sistema de base inal\u00e1mbrico. Cubierta de acero inoxidable 201#. Luz indicadora. Apagado autom\u00e1tico. Base removible.<\/p>\n<p><span style=\"color: #ff0000;\">PRECIO SUJETO A CAMBIOS.<\/span><\/p>\n","protected":false},"featured_media":2438,"template":"","meta":[],"product_brand":[],"product_cat":[1074],"product_tag":[42,182,731,794],"class_list":{"0":"post-2431","1":"product","2":"type-product","3":"status-publish","4":"has-post-thumbnail","6":"product_cat-utensilios-de-cocina","7":"product_tag-acero-inoxidable","8":"product_tag-agua","9":"product_tag-hervidor","10":"product_tag-jarra","12":"first","13":"instock","14":"shipping-taxable","15":"purchasable","16":"product-type-simple"},"_links":{"self":[{"href":"https:\/\/basculassandiego.com\/tienda\/wp-json\/wp\/v2\/product\/2431","targetHints":{"allow":["GET"]}}],"collection":[{"href":"https:\/\/basculassandiego.com\/tienda\/wp-json\/wp\/v2\/product"}],"about":[{"href":"https:\/\/basculassandiego.com\/tienda\/wp-json\/wp\/v2\/types\/product"}],"wp:featuredmedia":[{"embeddable":true,"href":"https:\/\/basculassandiego.com\/tienda\/wp-json\/wp\/v2\/media\/2438"}],"wp:attachment":[{"href":"https:\/\/basculassandiego.com\/tienda\/wp-json\/wp\/v2\/media?parent=2431"}],"wp:term":[{"taxonomy":"product_brand","embeddable":true,"href":"https:\/\/basculassandiego.com\/tienda\/wp-json\/wp\/v2\/product_brand?post=2431"},{"taxonomy":"product_cat","embeddable":true,"href":"https:\/\/basculassandiego.com\/tienda\/wp-json\/wp\/v2\/product_cat?post=2431"},{"taxonomy":"product_tag","embeddable":true,"href":"https:\/\/basculassandiego.com\/tienda\/wp-json\/wp\/v2\/product_tag?post=2431"}],"curies":[{"name":"wp","href":"https:\/\/api.w.org\/{rel}","templated":true}]}}