{"id":2461,"date":"2025-05-06T17:41:26","date_gmt":"2025-05-06T17:41:26","guid":{"rendered":"https:\/\/basculassandiego.com\/tienda\/?post_type=product&#038;p=2461"},"modified":"2025-05-06T17:46:55","modified_gmt":"2025-05-06T17:46:55","slug":"repisas-de-acero-inoxidable-rep-90","status":"publish","type":"product","link":"https:\/\/basculassandiego.com\/tienda\/producto\/repisas-de-acero-inoxidable-rep-90\/","title":{"rendered":"REPISAS DE ACERO INOXIDABLE (REP-90)"},"content":{"rendered":"<h2><strong>REPISAS DE ACERO INOXIDABLE (REP-90)<\/strong><\/h2>\n<ul>\n<li>Alta resistencia. Fabricada en acero inoxidable calibre 18.<\/li>\n<li>Medidas 90cm x25cm<\/li>\n<li>F\u00e1cil de armar. Incluye taquetes y pijas.<\/li>\n<li>F\u00e1cil de limpiar. superficie pulida en acero inoxidable.<\/li>\n<li>Vers\u00e1til- Ideal para tienda de abarrotes, comedores industriales, laboratorios, consultorios m\u00e9dicos y m\u00e1s.<\/li>\n<\/ul>\n<p><span style=\"color: #ff0000;\">PRECIO SUJETO A CAMBIOS<\/span><\/p>\n","protected":false},"excerpt":{"rendered":"<ul>\n<li>Alta resistencia. Fabricada en acero inoxidable calibre 18.<\/li>\n<li>F\u00e1cil de armar. Incluye taquetes y pijas.<\/li>\n<li>F\u00e1cil de limpiar. superficie pulida en acero inoxidable.<\/li>\n<li>Vers\u00e1til- Ideal para tienda de abarrotes, comedores industriales, laboratorios, consultorios m\u00e9dicos y m\u00e1s.<\/li>\n<\/ul>\n<p><span style=\"color: #ff0000;\">PRECIO SUJETO A CAMBIOS<\/span><\/p>\n","protected":false},"featured_media":2462,"template":"","meta":[],"product_brand":[],"product_cat":[653,712],"product_tag":[42,713,22],"class_list":{"0":"post-2461","1":"product","2":"type-product","3":"status-publish","4":"has-post-thumbnail","6":"product_cat-muebles-y-accesorios-de-acero","7":"product_cat-repisas","8":"product_tag-acero-inoxidable","9":"product_tag-repisa","10":"product_tag-torrey","12":"first","13":"instock","14":"shipping-taxable","15":"purchasable","16":"product-type-simple"},"_links":{"self":[{"href":"https:\/\/basculassandiego.com\/tienda\/wp-json\/wp\/v2\/product\/2461","targetHints":{"allow":["GET"]}}],"collection":[{"href":"https:\/\/basculassandiego.com\/tienda\/wp-json\/wp\/v2\/product"}],"about":[{"href":"https:\/\/basculassandiego.com\/tienda\/wp-json\/wp\/v2\/types\/product"}],"wp:featuredmedia":[{"embeddable":true,"href":"https:\/\/basculassandiego.com\/tienda\/wp-json\/wp\/v2\/media\/2462"}],"wp:attachment":[{"href":"https:\/\/basculassandiego.com\/tienda\/wp-json\/wp\/v2\/media?parent=2461"}],"wp:term":[{"taxonomy":"product_brand","embeddable":true,"href":"https:\/\/basculassandiego.com\/tienda\/wp-json\/wp\/v2\/product_brand?post=2461"},{"taxonomy":"product_cat","embeddable":true,"href":"https:\/\/basculassandiego.com\/tienda\/wp-json\/wp\/v2\/product_cat?post=2461"},{"taxonomy":"product_tag","embeddable":true,"href":"https:\/\/basculassandiego.com\/tienda\/wp-json\/wp\/v2\/product_tag?post=2461"}],"curies":[{"name":"wp","href":"https:\/\/api.w.org\/{rel}","templated":true}]}}