{"id":2463,"date":"2025-05-06T17:45:13","date_gmt":"2025-05-06T17:45:13","guid":{"rendered":"https:\/\/basculassandiego.com\/tienda\/?post_type=product&#038;p=2463"},"modified":"2025-05-06T18:06:19","modified_gmt":"2025-05-06T18:06:19","slug":"repisas-de-acero-inoxidable-rep-140","status":"publish","type":"product","link":"https:\/\/basculassandiego.com\/tienda\/producto\/repisas-de-acero-inoxidable-rep-140\/","title":{"rendered":"REPISAS DE ACERO INOXIDABLE (REP-140)"},"content":{"rendered":"<h2><strong>REPISAS DE ACERO INOXIDABLE (REP-140)<\/strong><\/h2>\n<div class=\"col-12 col-md-4\">\n<div class=\"c-product__description\">\n<p>Alta resistencia.<\/p>\n<p>Fabricada en acero inoxidable calibre 18.<\/p>\n<p>Medidas 140cm x 25cm<\/p>\n<p>F\u00e1cil de armar.<\/p>\n<p>Incluye taquetes y pijas.<\/p>\n<p>F\u00e1cil de limpiar.<\/p>\n<p>Superficie pulida en acero inoxidable.<\/p>\n<p>Vers\u00e1til- Ideal para tienda de abarrotes, comedores industriales, laboratorios, consultorios m\u00e9dicos y m\u00e1s.<\/p>\n<p><span style=\"color: #ff0000;\">PRECIO SUJETO A CAMBIOS<\/span><\/p>\n<\/div>\n<\/div>\n","protected":false},"excerpt":{"rendered":"<div class=\"col-12 col-md-4\">\n<div class=\"c-product__description\">\n<p>Alta resistencia.<\/p>\n<p>Fabricada en acero inoxidable calibre 18.<\/p>\n<p>F\u00e1cil de armar.<\/p>\n<p>Incluye taquetes y pijas.<\/p>\n<p>F\u00e1cil de limpiar.<\/p>\n<p>Superficie pulida en acero inoxidable.<\/p>\n<p>Vers\u00e1til- Ideal para tienda de abarrotes, comedores industriales, laboratorios, consultorios m\u00e9dicos y m\u00e1s.<\/p>\n<div class=\"row\">\n<div class=\"col-auto\"><span style=\"color: #ff0000;\">PRECIO SUJETO A CAMBIOS<\/span><\/div>\n<\/div>\n<\/div>\n<\/div>\n","protected":false},"featured_media":2462,"template":"","meta":[],"product_brand":[],"product_cat":[653,712],"product_tag":[42,713,22],"class_list":{"0":"post-2463","1":"product","2":"type-product","3":"status-publish","4":"has-post-thumbnail","6":"product_cat-muebles-y-accesorios-de-acero","7":"product_cat-repisas","8":"product_tag-acero-inoxidable","9":"product_tag-repisa","10":"product_tag-torrey","12":"first","13":"instock","14":"shipping-taxable","15":"purchasable","16":"product-type-simple"},"_links":{"self":[{"href":"https:\/\/basculassandiego.com\/tienda\/wp-json\/wp\/v2\/product\/2463","targetHints":{"allow":["GET"]}}],"collection":[{"href":"https:\/\/basculassandiego.com\/tienda\/wp-json\/wp\/v2\/product"}],"about":[{"href":"https:\/\/basculassandiego.com\/tienda\/wp-json\/wp\/v2\/types\/product"}],"wp:featuredmedia":[{"embeddable":true,"href":"https:\/\/basculassandiego.com\/tienda\/wp-json\/wp\/v2\/media\/2462"}],"wp:attachment":[{"href":"https:\/\/basculassandiego.com\/tienda\/wp-json\/wp\/v2\/media?parent=2463"}],"wp:term":[{"taxonomy":"product_brand","embeddable":true,"href":"https:\/\/basculassandiego.com\/tienda\/wp-json\/wp\/v2\/product_brand?post=2463"},{"taxonomy":"product_cat","embeddable":true,"href":"https:\/\/basculassandiego.com\/tienda\/wp-json\/wp\/v2\/product_cat?post=2463"},{"taxonomy":"product_tag","embeddable":true,"href":"https:\/\/basculassandiego.com\/tienda\/wp-json\/wp\/v2\/product_tag?post=2463"}],"curies":[{"name":"wp","href":"https:\/\/api.w.org\/{rel}","templated":true}]}}