{"id":303,"date":"2020-05-15T22:07:52","date_gmt":"2020-05-15T22:07:52","guid":{"rendered":"https:\/\/basculassandiego.com\/tienda\/?post_type=product&#038;p=303"},"modified":"2021-12-21T19:59:00","modified_gmt":"2021-12-21T19:59:00","slug":"congelador-puerta-de-cristal-fg-1300","status":"publish","type":"product","link":"https:\/\/basculassandiego.com\/tienda\/producto\/congelador-puerta-de-cristal-fg-1300\/","title":{"rendered":"CONGELADOR PUERTA DE CRISTAL FG-1300"},"content":{"rendered":"<h1>Congelador puerta de cristal FG-1300<br \/>\n<span class=\"smallText\">[FG-1300]<\/span><\/h1>\n<p>Construcci\u00f3n en acero inoxidable, robusto, higi\u00e9nico y de alto desempe\u00f1o.<\/p>\n<p>Con puertas de cristal para exhibici\u00f3n y visibilidad de producto.<\/p>\n<p>Sistema de enfriamiento por aireforzado y refrigeraci\u00f3n en parte superior para optimizaci\u00f3n de espacio.<\/p>\n<p>Congelador vertical de 45 pies c\u00fabicos con dos puertas de triple vidrio.<\/p>\n<p>Control de temperatura digital (-2 a 18\u00b0C), aislante ecol\u00f3gico (ciclopentano de alta densidad), parrillas pre-pintadas nivelables y ruedas para f\u00e1cil movilidad.<\/p>\n<p><span style=\"color: #ff0000;\"><strong>PRECIO SUJETO A CAMBIOS.<\/strong><\/span><\/p>\n","protected":false},"excerpt":{"rendered":"<p>Construcci\u00f3n en acero inoxidable, robusto, higi\u00e9nico y de alto desempe\u00f1o.<\/p>\n<p>Con puertas de cristal para exhibici\u00f3n y visibilidad de producto.<\/p>\n","protected":false},"featured_media":1346,"template":"","meta":[],"product_brand":[],"product_cat":[148],"product_tag":[142,149,150,22],"class_list":{"0":"post-303","1":"product","2":"type-product","3":"status-publish","4":"has-post-thumbnail","6":"product_cat-congeladores-solidos","7":"product_tag-congelador","8":"product_tag-puertas-de-cristal","9":"product_tag-solido","10":"product_tag-torrey","12":"first","13":"instock","14":"shipping-taxable","15":"purchasable","16":"product-type-simple"},"_links":{"self":[{"href":"https:\/\/basculassandiego.com\/tienda\/wp-json\/wp\/v2\/product\/303","targetHints":{"allow":["GET"]}}],"collection":[{"href":"https:\/\/basculassandiego.com\/tienda\/wp-json\/wp\/v2\/product"}],"about":[{"href":"https:\/\/basculassandiego.com\/tienda\/wp-json\/wp\/v2\/types\/product"}],"wp:featuredmedia":[{"embeddable":true,"href":"https:\/\/basculassandiego.com\/tienda\/wp-json\/wp\/v2\/media\/1346"}],"wp:attachment":[{"href":"https:\/\/basculassandiego.com\/tienda\/wp-json\/wp\/v2\/media?parent=303"}],"wp:term":[{"taxonomy":"product_brand","embeddable":true,"href":"https:\/\/basculassandiego.com\/tienda\/wp-json\/wp\/v2\/product_brand?post=303"},{"taxonomy":"product_cat","embeddable":true,"href":"https:\/\/basculassandiego.com\/tienda\/wp-json\/wp\/v2\/product_cat?post=303"},{"taxonomy":"product_tag","embeddable":true,"href":"https:\/\/basculassandiego.com\/tienda\/wp-json\/wp\/v2\/product_tag?post=303"}],"curies":[{"name":"wp","href":"https:\/\/api.w.org\/{rel}","templated":true}]}}