{"id":326,"date":"2020-05-16T17:27:59","date_gmt":"2020-05-16T17:27:59","guid":{"rendered":"https:\/\/basculassandiego.com\/tienda\/?post_type=product&#038;p=326"},"modified":"2025-05-04T18:46:28","modified_gmt":"2025-05-04T18:46:28","slug":"fabrica-de-hielo-en-cubo-150-comensales","status":"publish","type":"product","link":"https:\/\/basculassandiego.com\/tienda\/producto\/fabrica-de-hielo-en-cubo-150-comensales\/","title":{"rendered":"FABRICA DE HIELO EN CUBO 150 COMENSALES"},"content":{"rendered":"<h1>FABRICA DE HIELO EN CUBO 150 COMENSALES<br \/>\n<span class=\"smallText\">[MHC-500\/1109]<\/span><\/h1>\n<p>Fabrica de hielo 150 comensales (MHC-500\/1109 MA)<br \/>\nM\u00e1quina de hielo con producci\u00f3n de 454 kg por d\u00eda.<br \/>\nDep\u00f3sito sugerido con capacidad de 250 kg.<br \/>\nIdeal para ser utilizada en lugares con capacidad de 150 comensales.<br \/>\nHielo tipo cubo.<br \/>\nEl equipo cuenta con el Sistema antimicrobial de iones de plata Agion que inhibe el crecimiento de bacterias en las superficies donde se produce hielo.<br \/>\nUnidad condensadora de aire.<br \/>\nConsume 1.71 litros de agua por kg de hielo.<br \/>\nTrabaja con una presi\u00f3n del agua m\u00ednima de 20 psi y m\u00e1xima de 60 psi.<br \/>\nAsistente de cosecha para ahorrar tiempo y acelerar las producciones de hielo.<br \/>\nUsa nuestra m\u00e1quina de hielo en restaurantes, hoteles, bares, tiendas de abarrotes, tiendas de autoservicio, tiendas de conveniencia, cines, pescader\u00edas, hospitales, snack\u2019s, cafeter\u00edas y muchos m\u00e1s.<\/p>\n<p>Fabrica de hielo:$209,284.008<br \/>\nDispensador de hielo: $45,389.00<br \/>\nTotal: $254,673.00<\/p>\n<p><strong><span style=\"color: #ff0000;\">PRECIO SUJETO A CAMBIOS<\/span><\/strong><\/p>\n","protected":false},"excerpt":{"rendered":"<p>Fabrica de hielo 150 comensales<\/p>\n<p>M\u00e1quina de hielo con producci\u00f3n de 454 kg por d\u00eda.<br \/>\nHielo tipo cubo.<br \/>\nUsa nuestra m\u00e1quina de hielo en restaurantes, hoteles, bares, tiendas de abarrotes, tiendas de autoservicio, tiendas de conveniencia, cines, pescader\u00edas, hospitales, snack\u2019s, cafeter\u00edas y muchos m\u00e1s.<\/p>\n","protected":false},"featured_media":327,"template":"","meta":[],"product_brand":[],"product_cat":[166],"product_tag":[168,167,162,66,22],"class_list":{"0":"post-326","1":"product","2":"type-product","3":"status-publish","4":"has-post-thumbnail","6":"product_cat-fabricas-de-hielo-en-cubos","7":"product_tag-150-comensales","8":"product_tag-cubos","9":"product_tag-fabrica","10":"product_tag-hielo","11":"product_tag-torrey","13":"first","14":"instock","15":"shipping-taxable","16":"purchasable","17":"product-type-simple"},"_links":{"self":[{"href":"https:\/\/basculassandiego.com\/tienda\/wp-json\/wp\/v2\/product\/326","targetHints":{"allow":["GET"]}}],"collection":[{"href":"https:\/\/basculassandiego.com\/tienda\/wp-json\/wp\/v2\/product"}],"about":[{"href":"https:\/\/basculassandiego.com\/tienda\/wp-json\/wp\/v2\/types\/product"}],"wp:featuredmedia":[{"embeddable":true,"href":"https:\/\/basculassandiego.com\/tienda\/wp-json\/wp\/v2\/media\/327"}],"wp:attachment":[{"href":"https:\/\/basculassandiego.com\/tienda\/wp-json\/wp\/v2\/media?parent=326"}],"wp:term":[{"taxonomy":"product_brand","embeddable":true,"href":"https:\/\/basculassandiego.com\/tienda\/wp-json\/wp\/v2\/product_brand?post=326"},{"taxonomy":"product_cat","embeddable":true,"href":"https:\/\/basculassandiego.com\/tienda\/wp-json\/wp\/v2\/product_cat?post=326"},{"taxonomy":"product_tag","embeddable":true,"href":"https:\/\/basculassandiego.com\/tienda\/wp-json\/wp\/v2\/product_tag?post=326"}],"curies":[{"name":"wp","href":"https:\/\/api.w.org\/{rel}","templated":true}]}}