{"id":351,"date":"2020-05-16T22:22:44","date_gmt":"2020-05-16T22:22:44","guid":{"rendered":"https:\/\/basculassandiego.com\/tienda\/?post_type=product&#038;p=351"},"modified":"2025-05-04T20:11:19","modified_gmt":"2025-05-04T20:11:19","slug":"fabrica-de-hielo-frappe-340-kg-al-dia","status":"publish","type":"product","link":"https:\/\/basculassandiego.com\/tienda\/producto\/fabrica-de-hielo-frappe-340-kg-al-dia\/","title":{"rendered":"FABRICA DE HIELO FRAPPE 340 Kg AL DIA"},"content":{"rendered":"<h1>F\u00e1brica de Hielo Frapp\u00e9 340 Kg al d\u00eda<br \/>\n<span class=\"smallText\">[MHF-340\/750]<\/span><\/h1>\n<p>F\u00e1brica de Hielo (MHF-340\/750)<br \/>\nProducci\u00f3n de hielo 24 Hrs. 340 Kg \/ 750 lb. Voltaje 110 V. Dimensiones (frente x fondo x alto) 53 x 61 x 69 cm.<br \/>\n$190,447.00<\/p>\n<p>DEP\u00d3SITO SUGERIDO (DH-250\/556) Capacidad 250 Kg \/ 556 lb. Dimensiones (frente x fondo x alto) 76 x 79 x 127 cm.<br \/>\n$45,389.00<\/p>\n<p>T-19 Tapa de acero inoxidable.<br \/>\n$ 9,387.00<\/p>\n<p>TOTAL: $245,223.00<\/p>\n<p>Construcci\u00f3n de acero inoxidable, Producci\u00f3n en 24 horas (condiciones ideales) FRAPP\u00c9 Temperatura del agua 10\u00b0C, Temperatura del aire 21\u00b0C .<\/p>\n<p><strong><span style=\"color: #ff0000;\">PRECIO SUJETO A CAMBIOS.<\/span><\/strong><\/p>\n","protected":false},"excerpt":{"rendered":"<p>F\u00e1brica de Hielo<br \/>\nProducci\u00f3n de hielo 24 Hrs. 340 Kg \/ 750 lb.<br \/>\nConstruccion de acero inoxidable<\/p>\n<p>Producci\u00f3n en 24 horas (condiciones ideales) FRAPP\u00c9<\/p>\n","protected":false},"featured_media":352,"template":"","meta":[],"product_brand":[],"product_cat":[185],"product_tag":[187,162,186,66,22],"class_list":{"0":"post-351","1":"product","2":"type-product","3":"status-publish","4":"has-post-thumbnail","6":"product_cat-fabricas-de-hielo-frappe","7":"product_tag-340-kg","8":"product_tag-fabrica","9":"product_tag-frappe","10":"product_tag-hielo","11":"product_tag-torrey","13":"first","14":"instock","15":"shipping-taxable","16":"purchasable","17":"product-type-simple"},"_links":{"self":[{"href":"https:\/\/basculassandiego.com\/tienda\/wp-json\/wp\/v2\/product\/351","targetHints":{"allow":["GET"]}}],"collection":[{"href":"https:\/\/basculassandiego.com\/tienda\/wp-json\/wp\/v2\/product"}],"about":[{"href":"https:\/\/basculassandiego.com\/tienda\/wp-json\/wp\/v2\/types\/product"}],"wp:featuredmedia":[{"embeddable":true,"href":"https:\/\/basculassandiego.com\/tienda\/wp-json\/wp\/v2\/media\/352"}],"wp:attachment":[{"href":"https:\/\/basculassandiego.com\/tienda\/wp-json\/wp\/v2\/media?parent=351"}],"wp:term":[{"taxonomy":"product_brand","embeddable":true,"href":"https:\/\/basculassandiego.com\/tienda\/wp-json\/wp\/v2\/product_brand?post=351"},{"taxonomy":"product_cat","embeddable":true,"href":"https:\/\/basculassandiego.com\/tienda\/wp-json\/wp\/v2\/product_cat?post=351"},{"taxonomy":"product_tag","embeddable":true,"href":"https:\/\/basculassandiego.com\/tienda\/wp-json\/wp\/v2\/product_tag?post=351"}],"curies":[{"name":"wp","href":"https:\/\/api.w.org\/{rel}","templated":true}]}}