{"id":420,"date":"2020-05-18T19:19:49","date_gmt":"2020-05-18T19:19:49","guid":{"rendered":"https:\/\/basculassandiego.com\/tienda\/?post_type=product&#038;p=420"},"modified":"2022-10-27T18:38:51","modified_gmt":"2022-10-27T18:38:51","slug":"vitrina-cremera-de-vidrio-curvo-1m-acero-inoxidable-tem-100ai","status":"publish","type":"product","link":"https:\/\/basculassandiego.com\/tienda\/producto\/vitrina-cremera-de-vidrio-curvo-1m-acero-inoxidable-tem-100ai\/","title":{"rendered":"VITRINA CREMERA DE VIDRIO CURVO 1m &#8211; ACERO INOXIDABLE [TEM-100AI]"},"content":{"rendered":"<h1>VITRINA CREMERA DE VIDRIO CURVO 1m &#8211; ACERO INOXIDABLE<br \/>\n<span class=\"smallText\">[TEM-100AI]<\/span><\/h1>\n<p>Vitrina Delicatessen<br \/>\nModelo TEM100AI<br \/>\nInterior y Exterior de Acero Inoxidable.<br \/>\nCapacidad: 14 pies c\u00fabicos<br \/>\n\u2022 Iluminaci\u00f3n LED para mejorar la exhibici\u00f3n de tu producto.<br \/>\n\u2022 Exhibici\u00f3n personalizada gracias a sus parrillas de posiciones.<br \/>\n\u2022 No reseca tu producto gracias a su enfriamiento por gravedad.<br \/>\n\u2022 Piso y mostrador en acero inoxidable para mejor higiene y presentaci\u00f3n.<br \/>\n\u2022 Doble cristal curvo templado y vidrios laterales permiten una excelente visi\u00f3n.<br \/>\n\u2022 Gran capacidad de almacenamiento y exhibici\u00f3n.<br \/>\n\u2022 Condensador libre de mantenimiento.<br \/>\n\u2022\u00danicas con Control Inteligente de temperatura, regula y optimiza tu consumo de energ\u00eda el\u00e9ctrica.<br \/>\n*Precio no incluye llantas<\/p>\n<p><strong><span style=\"color: #ff0000;\">PRECIO SUJETO A CAMBIOS<\/span><\/strong><\/p>\n","protected":false},"excerpt":{"rendered":"<p>Vitrina Delicatessen<br \/>\nModelo TEM100AI<br \/>\nInterior y Exterior de Acero Inoxidable.<br \/>\nCapacidad: 14 pies c\u00fabicos<\/p>\n","protected":false},"featured_media":1378,"template":"","meta":[],"product_brand":[],"product_cat":[229],"product_tag":[230,145,22,219],"class_list":{"0":"post-420","1":"product","2":"type-product","3":"status-publish","4":"has-post-thumbnail","6":"product_cat-vitrinas-delicatessen","7":"product_tag-cremera","8":"product_tag-cristal-curvo","9":"product_tag-torrey","10":"product_tag-vitrina","12":"first","13":"instock","14":"shipping-taxable","15":"purchasable","16":"product-type-simple"},"_links":{"self":[{"href":"https:\/\/basculassandiego.com\/tienda\/wp-json\/wp\/v2\/product\/420","targetHints":{"allow":["GET"]}}],"collection":[{"href":"https:\/\/basculassandiego.com\/tienda\/wp-json\/wp\/v2\/product"}],"about":[{"href":"https:\/\/basculassandiego.com\/tienda\/wp-json\/wp\/v2\/types\/product"}],"wp:featuredmedia":[{"embeddable":true,"href":"https:\/\/basculassandiego.com\/tienda\/wp-json\/wp\/v2\/media\/1378"}],"wp:attachment":[{"href":"https:\/\/basculassandiego.com\/tienda\/wp-json\/wp\/v2\/media?parent=420"}],"wp:term":[{"taxonomy":"product_brand","embeddable":true,"href":"https:\/\/basculassandiego.com\/tienda\/wp-json\/wp\/v2\/product_brand?post=420"},{"taxonomy":"product_cat","embeddable":true,"href":"https:\/\/basculassandiego.com\/tienda\/wp-json\/wp\/v2\/product_cat?post=420"},{"taxonomy":"product_tag","embeddable":true,"href":"https:\/\/basculassandiego.com\/tienda\/wp-json\/wp\/v2\/product_tag?post=420"}],"curies":[{"name":"wp","href":"https:\/\/api.w.org\/{rel}","templated":true}]}}