{"id":483,"date":"2020-05-21T18:56:36","date_gmt":"2020-05-21T18:56:36","guid":{"rendered":"https:\/\/basculassandiego.com\/tienda\/?post_type=product&#038;p=483"},"modified":"2025-05-02T00:36:49","modified_gmt":"2025-05-02T00:36:49","slug":"bascula-electronica-colgante-crs-500-1000","status":"publish","type":"product","link":"https:\/\/basculassandiego.com\/tienda\/producto\/bascula-electronica-colgante-crs-500-1000\/","title":{"rendered":"B\u00c1SCULA ELECTR\u00d3NICA COLGANTE CRS-500"},"content":{"rendered":"<h1>B\u00c1SCULA ELECTR\u00d3NICA COLGANTE <span class=\"smallText\">[CRS-500]<\/span><\/h1>\n<p>B\u00e1scula colgante para maniobras port\u00e1tiles<br \/>\nCuenta con display LCD con luz brillante para mejor visibilidad.<br \/>\nOpera con 3 bater\u00edas AA (1.5 v).<br \/>\nCapacidad: 500 kg\/1000 lb<br \/>\nDivisi\u00f3n m\u00ednima: 0.2 kg<br \/>\nPesada m\u00ednima: 4 kg<br \/>\nDisplay: LCD<br \/>\nDimensiones: 13 x 8 x 26 cm<\/p>\n<p><strong><span style=\"color: #ff0000;\">PRECIO SUJETO A CAMBIOS<\/span><\/strong><\/p>\n<p>&nbsp;<\/p>\n","protected":false},"excerpt":{"rendered":"<p>B\u00e1scula colgante para maniobras port\u00e1tiles<br \/>\nCuenta con display LCD con luz brillante para mejor visibilidad.<br \/>\nOpera con 3 bater\u00edas AA (1.5 v).<br \/>\nCapacidad: 500 kg<br \/>\nDivisi\u00f3n m\u00ednima: 0.2 kg<br \/>\nPesada m\u00ednima: 4 kg<\/p>\n","protected":false},"featured_media":484,"template":"","meta":[],"product_brand":[],"product_cat":[271],"product_tag":[273,23,264,272,22],"class_list":{"0":"post-483","1":"product","2":"type-product","3":"status-publish","4":"has-post-thumbnail","6":"product_cat-bascula-electronica-colgante","7":"product_tag-500kg","8":"product_tag-bascula","9":"product_tag-colgante","10":"product_tag-electronica","11":"product_tag-torrey","13":"first","14":"outofstock","15":"shipping-taxable","16":"purchasable","17":"product-type-simple"},"_links":{"self":[{"href":"https:\/\/basculassandiego.com\/tienda\/wp-json\/wp\/v2\/product\/483","targetHints":{"allow":["GET"]}}],"collection":[{"href":"https:\/\/basculassandiego.com\/tienda\/wp-json\/wp\/v2\/product"}],"about":[{"href":"https:\/\/basculassandiego.com\/tienda\/wp-json\/wp\/v2\/types\/product"}],"wp:featuredmedia":[{"embeddable":true,"href":"https:\/\/basculassandiego.com\/tienda\/wp-json\/wp\/v2\/media\/484"}],"wp:attachment":[{"href":"https:\/\/basculassandiego.com\/tienda\/wp-json\/wp\/v2\/media?parent=483"}],"wp:term":[{"taxonomy":"product_brand","embeddable":true,"href":"https:\/\/basculassandiego.com\/tienda\/wp-json\/wp\/v2\/product_brand?post=483"},{"taxonomy":"product_cat","embeddable":true,"href":"https:\/\/basculassandiego.com\/tienda\/wp-json\/wp\/v2\/product_cat?post=483"},{"taxonomy":"product_tag","embeddable":true,"href":"https:\/\/basculassandiego.com\/tienda\/wp-json\/wp\/v2\/product_tag?post=483"}],"curies":[{"name":"wp","href":"https:\/\/api.w.org\/{rel}","templated":true}]}}