{"id":493,"date":"2020-05-21T19:24:30","date_gmt":"2020-05-21T19:24:30","guid":{"rendered":"https:\/\/basculassandiego.com\/tienda\/?post_type=product&#038;p=493"},"modified":"2025-04-30T21:29:50","modified_gmt":"2025-04-30T21:29:50","slug":"bascula-comercial-lpcr40-n","status":"publish","type":"product","link":"https:\/\/basculassandiego.com\/tienda\/producto\/bascula-comercial-lpcr40-n\/","title":{"rendered":"BASCULA COMERCIAL LPCR40-N-USB"},"content":{"rendered":"<h1>BASCULA COMERCIAL<br \/>\n<span class=\"smallText\">[LPCR40-N-USB]<\/span><\/h1>\n<p>Construida en acero inoxidable con tri-rango, teclado sensible al tacto, d\u00edgitos mas grandes e indicador de carga de bater\u00eda.<\/p>\n<p>Con funci\u00f3n de caja registradora, 100 memorias de precio, 4 teclas de acceso directo, bater\u00eda recargable y pantalla con backlight.<\/p>\n<p>Conex\u00f3n USB<\/p>\n<p>Plato de 22.5&#215;30.5 cm<\/p>\n<p>40kg.<\/p>\n<p>Division m\u00ednima 0-4 kg 0.002 kg, 4-8 kg 0.005 kg, 8-40 kg 0.010 kg<\/p>\n<p>Ideal para tiendas de abarrotes, carnicer\u00edas, cremer\u00edas, recauder\u00edas, pasteler\u00edas, mercados ambulantes<\/p>\n<p><span style=\"color: #ff0000;\"><strong>PRECIO SUJETO A CAMBIOS<\/strong><\/span><\/p>\n","protected":false},"excerpt":{"rendered":"<p>Construida en acero inoxidablecon tri-rango, teclado sensible al tacto, digitos mas grandes e indicador de carga de bateria.<\/p>\n<p>Con funcion de caja registradora, 100 memorias de precio, 4 teclas de acceso directo, bateria recargable y pantalla con backlight.<\/p>\n<p>Conexi\u00f3n USB<\/p>\n","protected":false},"featured_media":494,"template":"","meta":[],"product_brand":[],"product_cat":[21],"product_tag":[279,23,275,272,22,317],"class_list":{"0":"post-493","1":"product","2":"type-product","3":"status-publish","4":"has-post-thumbnail","6":"product_cat-bascula-eletronica-comercial","7":"product_tag-40-kg","8":"product_tag-bascula","9":"product_tag-comercial","10":"product_tag-electronica","11":"product_tag-torrey","12":"product_tag-usb","14":"first","15":"instock","16":"shipping-taxable","17":"purchasable","18":"product-type-simple"},"_links":{"self":[{"href":"https:\/\/basculassandiego.com\/tienda\/wp-json\/wp\/v2\/product\/493","targetHints":{"allow":["GET"]}}],"collection":[{"href":"https:\/\/basculassandiego.com\/tienda\/wp-json\/wp\/v2\/product"}],"about":[{"href":"https:\/\/basculassandiego.com\/tienda\/wp-json\/wp\/v2\/types\/product"}],"wp:featuredmedia":[{"embeddable":true,"href":"https:\/\/basculassandiego.com\/tienda\/wp-json\/wp\/v2\/media\/494"}],"wp:attachment":[{"href":"https:\/\/basculassandiego.com\/tienda\/wp-json\/wp\/v2\/media?parent=493"}],"wp:term":[{"taxonomy":"product_brand","embeddable":true,"href":"https:\/\/basculassandiego.com\/tienda\/wp-json\/wp\/v2\/product_brand?post=493"},{"taxonomy":"product_cat","embeddable":true,"href":"https:\/\/basculassandiego.com\/tienda\/wp-json\/wp\/v2\/product_cat?post=493"},{"taxonomy":"product_tag","embeddable":true,"href":"https:\/\/basculassandiego.com\/tienda\/wp-json\/wp\/v2\/product_tag?post=493"}],"curies":[{"name":"wp","href":"https:\/\/api.w.org\/{rel}","templated":true}]}}