{"id":501,"date":"2020-05-21T21:41:06","date_gmt":"2020-05-21T21:41:06","guid":{"rendered":"https:\/\/basculassandiego.com\/tienda\/?post_type=product&#038;p=501"},"modified":"2022-06-22T16:18:28","modified_gmt":"2022-06-22T16:18:28","slug":"bascula-electronica-comercial-pcr40","status":"publish","type":"product","link":"https:\/\/basculassandiego.com\/tienda\/producto\/bascula-electronica-comercial-pcr40\/","title":{"rendered":"B\u00c1SCULA ELECTR\u00d3NICA COMERCIAL PCR40"},"content":{"rendered":"<h1>BASCULA COMERCIAL <span class=\"smallText\">[PCR40]<\/span><\/h1>\n<p>B\u00e1scula con funciones de caja registradora, opci\u00f3n de torreta y pantalla iluminada de mayor tama\u00f1o que lo ayudar\u00e1n a atender a sus clientes de forma eficiente.<\/p>\n<ul>\n<li>Construcci\u00f3n en acero inoxidable higi\u00e9nico y resistente<\/li>\n<li>Con 4 accesos directos y 100 memorias para ventas m\u00e1s r\u00e1pidas<\/li>\n<li>Bater\u00eda recargable de 100 horas de uso continuo<\/li>\n<li>Con puerto USB para conectar a PC o impresora<\/li>\n<li>2 displays iluminados<\/li>\n<li>Teclado de r\u00e1pida respuesta con mayor tama\u00f1o de d\u00edgitos<\/li>\n<li>Capacidad disponible en: 40Kg\/5g<\/li>\n<li>Dimensiones de plato: 29&#215;35.5cm (11&#8243;x14&#8243;)<\/li>\n<li>Ideal para tiendas de abarrotes, carnicer\u00edas, cremer\u00edas, recauder\u00edas, pasteler\u00edas, mercados ambulantes<\/li>\n<\/ul>\n<p><span style=\"color: #ff0000;\"><strong>PRECIO SUJETO A CAMBIOS<\/strong><\/span><\/p>\n","protected":false},"excerpt":{"rendered":"<p>B\u00e1scula con funciones de caja registradora, opci\u00f3n de torreta y pantalla iluminada de mayor tama\u00f1o que lo ayudar\u00e1n a atender a sus clientes de forma eficiente.<\/p>\n<ul>\n<li>Construcci\u00f3n en acero inoxidable higi\u00e9nico y resistente<\/li>\n<li>Con 4 accesos directos y 100 memorias para ventas m\u00e1s r\u00e1pidas<\/li>\n<li>Bater\u00eda recargable de 100 horas de uso continuo<\/li>\n<li>Con puerto USB para conectar a PC o impresora<\/li>\n<\/ul>\n","protected":false},"featured_media":502,"template":"","meta":[],"product_brand":[],"product_cat":[21],"product_tag":[279,23,275,272,22],"class_list":{"0":"post-501","1":"product","2":"type-product","3":"status-publish","4":"has-post-thumbnail","6":"product_cat-bascula-eletronica-comercial","7":"product_tag-40-kg","8":"product_tag-bascula","9":"product_tag-comercial","10":"product_tag-electronica","11":"product_tag-torrey","13":"first","14":"instock","15":"shipping-taxable","16":"purchasable","17":"product-type-simple"},"_links":{"self":[{"href":"https:\/\/basculassandiego.com\/tienda\/wp-json\/wp\/v2\/product\/501","targetHints":{"allow":["GET"]}}],"collection":[{"href":"https:\/\/basculassandiego.com\/tienda\/wp-json\/wp\/v2\/product"}],"about":[{"href":"https:\/\/basculassandiego.com\/tienda\/wp-json\/wp\/v2\/types\/product"}],"wp:featuredmedia":[{"embeddable":true,"href":"https:\/\/basculassandiego.com\/tienda\/wp-json\/wp\/v2\/media\/502"}],"wp:attachment":[{"href":"https:\/\/basculassandiego.com\/tienda\/wp-json\/wp\/v2\/media?parent=501"}],"wp:term":[{"taxonomy":"product_brand","embeddable":true,"href":"https:\/\/basculassandiego.com\/tienda\/wp-json\/wp\/v2\/product_brand?post=501"},{"taxonomy":"product_cat","embeddable":true,"href":"https:\/\/basculassandiego.com\/tienda\/wp-json\/wp\/v2\/product_cat?post=501"},{"taxonomy":"product_tag","embeddable":true,"href":"https:\/\/basculassandiego.com\/tienda\/wp-json\/wp\/v2\/product_tag?post=501"}],"curies":[{"name":"wp","href":"https:\/\/api.w.org\/{rel}","templated":true}]}}