{"id":514,"date":"2020-05-21T22:06:42","date_gmt":"2020-05-21T22:06:42","guid":{"rendered":"https:\/\/basculassandiego.com\/tienda\/?post_type=product&#038;p=514"},"modified":"2024-11-22T19:24:36","modified_gmt":"2024-11-22T19:24:36","slug":"bascula-electronica-comercial-bar-10","status":"publish","type":"product","link":"https:\/\/basculassandiego.com\/tienda\/producto\/bascula-electronica-comercial-bar-10\/","title":{"rendered":"B\u00c1SCULA ELECTR\u00d3NICA COMERCIAL BAR-10"},"content":{"rendered":"<h2><strong>B\u00c1SCULA ELECTR\u00d3NICA MULTIFUNCIONES RHINO <span class=\"smallText\">[BAR-10]<\/span><\/strong><\/h2>\n<p>PLATO DE ACERO INOXIDABLE DE 36 x 26 CM CON PERFILES ANGULADOS PARA EVITAR DERRAMES, MAS GRANDE Y CON MAYOR GROSOR<br \/>\nFUNCIONA CON BATER\u00cdA RECARGABLE (incluye bater\u00eda y adaptador de corriente)<br \/>\nDISPOSITIVO PROTECTOR CONTRA GOLPES O SOBREPESO<br \/>\nPESA EN: KILOGRAMOS Y LIBRAS<\/p>\n<h1><span style=\"color: #ff0000;\"><strong>PRECIO SUJETO A CAMBIOS<\/strong><\/span><\/h1>\n","protected":false},"excerpt":{"rendered":"<p>PLATO DE ACERO INOXIDABLE DE 36 x 26 CM CON PERFILES ANGULADOS PARA EVITAR DERRAMES, MAS GRANDE Y CON MAYOR GROSOR<br \/>\nPESA EN: KILOGRAMOS Y LIBRAS<\/p>\n<h1><span style=\"color: #ff0000;\"><strong>PRECIO SUJETO A CAMBIOS<\/strong><\/span><\/h1>\n","protected":false},"featured_media":515,"template":"","meta":[],"product_brand":[],"product_cat":[21],"product_tag":[279,23,275,272,294],"class_list":{"0":"post-514","1":"product","2":"type-product","3":"status-publish","4":"has-post-thumbnail","6":"product_cat-bascula-eletronica-comercial","7":"product_tag-40-kg","8":"product_tag-bascula","9":"product_tag-comercial","10":"product_tag-electronica","11":"product_tag-rhino","13":"first","14":"instock","15":"shipping-taxable","16":"purchasable","17":"product-type-simple"},"_links":{"self":[{"href":"https:\/\/basculassandiego.com\/tienda\/wp-json\/wp\/v2\/product\/514","targetHints":{"allow":["GET"]}}],"collection":[{"href":"https:\/\/basculassandiego.com\/tienda\/wp-json\/wp\/v2\/product"}],"about":[{"href":"https:\/\/basculassandiego.com\/tienda\/wp-json\/wp\/v2\/types\/product"}],"wp:featuredmedia":[{"embeddable":true,"href":"https:\/\/basculassandiego.com\/tienda\/wp-json\/wp\/v2\/media\/515"}],"wp:attachment":[{"href":"https:\/\/basculassandiego.com\/tienda\/wp-json\/wp\/v2\/media?parent=514"}],"wp:term":[{"taxonomy":"product_brand","embeddable":true,"href":"https:\/\/basculassandiego.com\/tienda\/wp-json\/wp\/v2\/product_brand?post=514"},{"taxonomy":"product_cat","embeddable":true,"href":"https:\/\/basculassandiego.com\/tienda\/wp-json\/wp\/v2\/product_cat?post=514"},{"taxonomy":"product_tag","embeddable":true,"href":"https:\/\/basculassandiego.com\/tienda\/wp-json\/wp\/v2\/product_tag?post=514"}],"curies":[{"name":"wp","href":"https:\/\/api.w.org\/{rel}","templated":true}]}}