{"id":518,"date":"2020-05-21T22:17:03","date_gmt":"2020-05-21T22:17:03","guid":{"rendered":"https:\/\/basculassandiego.com\/tienda\/?post_type=product&#038;p=518"},"modified":"2025-05-02T00:39:00","modified_gmt":"2025-05-02T00:39:00","slug":"bascula-electronica-contadora-qc20","status":"publish","type":"product","link":"https:\/\/basculassandiego.com\/tienda\/producto\/bascula-electronica-contadora-qc20\/","title":{"rendered":"B\u00c1SCULA ELECTR\u00d3NICA CONTADORA QC20"},"content":{"rendered":"<h1>B\u00c1SCULA ELECTR\u00d3NICA CONTADORA QC20<\/h1>\n<p>Realiza el conteo del n\u00famero de piezas y peso exacto en una sola operaci\u00f3n. Disminuye las p\u00e9rdidas por inventarios inexactos y ten mejor control de tu negocio<\/p>\n<ul>\n<li>S\u00f3lida construcci\u00f3n en acero inoxidable<\/li>\n<li>Conversi\u00f3n de kilos a libras y viceversa f\u00e1cilmente<\/li>\n<li>50 memorias para productos y 50 para recipientes<\/li>\n<\/ul>\n<p>Disponible en capacidad de\u00a0<strong>5, 20 y 50kg.<\/strong><\/p>\n<p>Ideal para toma de inventarios, ferreter\u00edas, imprentas, maquiladoras, inyectoras de pl\u00e1stico, electr\u00f3nicas y en general cualquier negocio que requiera contar piezas.<\/p>\n<p><span style=\"color: #ff0000;\"><strong>PRECIO SUJETO A CAMBIOS<\/strong><\/span><\/p>\n","protected":false},"excerpt":{"rendered":"<p>Realiza el conteo del n\u00famero de piezas y peso exacto en una sola operaci\u00f3n. Disminuye las p\u00e9rdidas por inventarios inexactos y ten mejor control de tu negocio<\/p>\n<ul>\n<li>S\u00f3lida construcci\u00f3n en acero inoxidable<\/li>\n<li>Conversi\u00f3n de kilos a libras y viceversa f\u00e1cilmente<\/li>\n<li>50 memorias para productos y 50 para recipientes<\/li>\n<\/ul>\n","protected":false},"featured_media":2247,"template":"","meta":[],"product_brand":[],"product_cat":[289],"product_tag":[23,290,272,22],"class_list":{"0":"post-518","1":"product","2":"type-product","3":"status-publish","4":"has-post-thumbnail","6":"product_cat-bascula-electronica-contadora","7":"product_tag-bascula","8":"product_tag-contadora","9":"product_tag-electronica","10":"product_tag-torrey","12":"first","13":"instock","14":"shipping-taxable","15":"purchasable","16":"product-type-simple"},"_links":{"self":[{"href":"https:\/\/basculassandiego.com\/tienda\/wp-json\/wp\/v2\/product\/518","targetHints":{"allow":["GET"]}}],"collection":[{"href":"https:\/\/basculassandiego.com\/tienda\/wp-json\/wp\/v2\/product"}],"about":[{"href":"https:\/\/basculassandiego.com\/tienda\/wp-json\/wp\/v2\/types\/product"}],"wp:featuredmedia":[{"embeddable":true,"href":"https:\/\/basculassandiego.com\/tienda\/wp-json\/wp\/v2\/media\/2247"}],"wp:attachment":[{"href":"https:\/\/basculassandiego.com\/tienda\/wp-json\/wp\/v2\/media?parent=518"}],"wp:term":[{"taxonomy":"product_brand","embeddable":true,"href":"https:\/\/basculassandiego.com\/tienda\/wp-json\/wp\/v2\/product_brand?post=518"},{"taxonomy":"product_cat","embeddable":true,"href":"https:\/\/basculassandiego.com\/tienda\/wp-json\/wp\/v2\/product_cat?post=518"},{"taxonomy":"product_tag","embeddable":true,"href":"https:\/\/basculassandiego.com\/tienda\/wp-json\/wp\/v2\/product_tag?post=518"}],"curies":[{"name":"wp","href":"https:\/\/api.w.org\/{rel}","templated":true}]}}