{"id":524,"date":"2020-05-21T22:37:23","date_gmt":"2020-05-21T22:37:23","guid":{"rendered":"https:\/\/basculassandiego.com\/tienda\/?post_type=product&#038;p=524"},"modified":"2025-05-01T03:34:28","modified_gmt":"2025-05-01T03:34:28","slug":"bascula-electronica-porcionadora-l-eq-12-n-kg","status":"publish","type":"product","link":"https:\/\/basculassandiego.com\/tienda\/producto\/bascula-electronica-porcionadora-l-eq-12-n-kg\/","title":{"rendered":"B\u00c1SCULA ELECTR\u00d3NICA PORCIONADORA LEQ12-N"},"content":{"rendered":"<h1>B\u00c1SCULA PORCIONADORA <span class=\"smallText\">[LEQ12-N]<\/span><\/h1>\n<p>Determina porciones m\u00e1s exactas y crea mezclas precisas con bajo desperdicio, gracias a su Tara progresiva, y alarma de control de peso.<\/p>\n<ul>\n<li>Resistente construcci\u00f3n en acero inoxidable grado alimenticio<\/li>\n<li>Pesa en kilos, libras y onzas<\/li>\n<li>Puerto serial para conexi\u00f3n a PC o impresora<\/li>\n<li>Compatible con pedal Tara que permite realizar tareas con manos libres<\/li>\n<li>Capacidad: 12 kg. Divisi\u00f3n m\u00ednima 0.002 kg\/ 24 lb. Divisi\u00f3n m\u00ednima 0.005 lb<\/li>\n<li>Dimensiones: : 20 x 24 cm (7.8 x 9.4&#8243;)<\/li>\n<li>Ideal para realizar procesos de empaque, para restaurantes, hoteles o comedores industriales, para preparar recetas exactas, venta de especias y semillas, preparaci\u00f3n de f\u00f3rmulas o recetas qu\u00edmicas.<\/li>\n<\/ul>\n<p><span style=\"color: #ff0000;\"><strong>PRECIO SUJETO A CAMBIOS<\/strong><\/span><\/p>\n","protected":false},"excerpt":{"rendered":"<p>Determina porciones m\u00e1s exactas y crea mezclas precisas con bajo desperdicio, gracias a su Tara progresiva, y alarma de control de peso.<\/p>\n<ul>\n<li>Resistente construcci\u00f3n en acero inoxidable grado alimenticio<\/li>\n<li>Pesa en kilos, libras y onzas<\/li>\n<li>Puerto serial para conexi\u00f3n a PC o impresora<\/li>\n<li>Compatible con pedal Tara que permite realizar tareas con manos libres<\/li>\n<\/ul>\n","protected":false},"featured_media":527,"template":"","meta":[],"product_brand":[],"product_cat":[291],"product_tag":[1411,23,292,22],"class_list":{"0":"post-524","1":"product","2":"type-product","3":"status-publish","4":"has-post-thumbnail","6":"product_cat-bascula-electronica-porcionadora","7":"product_tag-12-kg","8":"product_tag-bascula","9":"product_tag-porcionadora","10":"product_tag-torrey","12":"first","13":"instock","14":"shipping-taxable","15":"purchasable","16":"product-type-simple"},"_links":{"self":[{"href":"https:\/\/basculassandiego.com\/tienda\/wp-json\/wp\/v2\/product\/524","targetHints":{"allow":["GET"]}}],"collection":[{"href":"https:\/\/basculassandiego.com\/tienda\/wp-json\/wp\/v2\/product"}],"about":[{"href":"https:\/\/basculassandiego.com\/tienda\/wp-json\/wp\/v2\/types\/product"}],"wp:featuredmedia":[{"embeddable":true,"href":"https:\/\/basculassandiego.com\/tienda\/wp-json\/wp\/v2\/media\/527"}],"wp:attachment":[{"href":"https:\/\/basculassandiego.com\/tienda\/wp-json\/wp\/v2\/media?parent=524"}],"wp:term":[{"taxonomy":"product_brand","embeddable":true,"href":"https:\/\/basculassandiego.com\/tienda\/wp-json\/wp\/v2\/product_brand?post=524"},{"taxonomy":"product_cat","embeddable":true,"href":"https:\/\/basculassandiego.com\/tienda\/wp-json\/wp\/v2\/product_cat?post=524"},{"taxonomy":"product_tag","embeddable":true,"href":"https:\/\/basculassandiego.com\/tienda\/wp-json\/wp\/v2\/product_tag?post=524"}],"curies":[{"name":"wp","href":"https:\/\/api.w.org\/{rel}","templated":true}]}}