{"id":530,"date":"2020-05-21T23:13:40","date_gmt":"2020-05-21T23:13:40","guid":{"rendered":"https:\/\/basculassandiego.com\/tienda\/?post_type=product&#038;p=530"},"modified":"2024-11-22T17:26:06","modified_gmt":"2024-11-22T17:26:06","slug":"bascula-electronica-precision-bapre-3","status":"publish","type":"product","link":"https:\/\/basculassandiego.com\/tienda\/producto\/bascula-electronica-precision-bapre-3\/","title":{"rendered":"B\u00c1SCULA ELECTR\u00d3NICA PRECISI\u00d3N BAPRE-3"},"content":{"rendered":"<h2>B\u00c1SCULA ELECTR\u00d3NICA DE PRECISI\u00d3N <span class=\"smallText\">[BAPRE-3]<\/span><\/h2>\n<p>B\u00c1SCULA ELECTR\u00d3NICA DE PRECISI\u00d3N RHINO<br \/>\nPLATO DE ACERO INOXIDABLE DE 15.5 x 15.5 CM CON BASE PL\u00c1STICA PARA UN \u00d3PTIMO DESEMPE\u00d1O<br \/>\nPESA EN: GRAMOS, LIBRAS Y ONZAS<\/p>\n<p>FUNCIONA CON 2 BATER\u00cdAS AAA DE 1.5 Vcc O ADAPTADOR DE CORRIENTE (se vende por separado)<br \/>\nFUNCI\u00d3N DE CONTEO DE PIEZAS<\/p>\n<h1><span style=\"color: #ff0000;\"><strong>PRECIO SUJETO A CAMBIOS<\/strong><\/span><\/h1>\n","protected":false},"excerpt":{"rendered":"<p>B\u00c1SCULA ELECTR\u00d3NICA DE PRECISI\u00d3N RHINO<br \/>\nPLATO DE ACERO INOXIDABLE DE 15.5 x 15.5 CM CON BASE PL\u00c1STICA PARA UN \u00d3PTIMO DESEMPE\u00d1O<br \/>\nPESA EN: GRAMOS, LIBRAS Y ONZAS<\/p>\n<p>FUNCIONA CON 2 BATER\u00cdAS AAA DE 1.5 Vcc O ADAPTADOR DE CORRIENTE (se vende por separado)<br \/>\nFUNCI\u00d3N DE CONTEO DE PIEZAS<\/p>\n<h1><span style=\"color: #ff0000;\"><strong>PRECIO SUJETO A CAMBIOS<\/strong><\/span><\/h1>\n","protected":false},"featured_media":531,"template":"","meta":[],"product_brand":[],"product_cat":[293],"product_tag":[23,272,295,294],"class_list":{"0":"post-530","1":"product","2":"type-product","3":"status-publish","4":"has-post-thumbnail","6":"product_cat-bascula-electronica-precision","7":"product_tag-bascula","8":"product_tag-electronica","9":"product_tag-precision","10":"product_tag-rhino","12":"first","13":"instock","14":"shipping-taxable","15":"purchasable","16":"product-type-simple"},"_links":{"self":[{"href":"https:\/\/basculassandiego.com\/tienda\/wp-json\/wp\/v2\/product\/530","targetHints":{"allow":["GET"]}}],"collection":[{"href":"https:\/\/basculassandiego.com\/tienda\/wp-json\/wp\/v2\/product"}],"about":[{"href":"https:\/\/basculassandiego.com\/tienda\/wp-json\/wp\/v2\/types\/product"}],"wp:featuredmedia":[{"embeddable":true,"href":"https:\/\/basculassandiego.com\/tienda\/wp-json\/wp\/v2\/media\/531"}],"wp:attachment":[{"href":"https:\/\/basculassandiego.com\/tienda\/wp-json\/wp\/v2\/media?parent=530"}],"wp:term":[{"taxonomy":"product_brand","embeddable":true,"href":"https:\/\/basculassandiego.com\/tienda\/wp-json\/wp\/v2\/product_brand?post=530"},{"taxonomy":"product_cat","embeddable":true,"href":"https:\/\/basculassandiego.com\/tienda\/wp-json\/wp\/v2\/product_cat?post=530"},{"taxonomy":"product_tag","embeddable":true,"href":"https:\/\/basculassandiego.com\/tienda\/wp-json\/wp\/v2\/product_tag?post=530"}],"curies":[{"name":"wp","href":"https:\/\/api.w.org\/{rel}","templated":true}]}}