{"id":532,"date":"2020-05-21T23:20:27","date_gmt":"2020-05-21T23:20:27","guid":{"rendered":"https:\/\/basculassandiego.com\/tienda\/?post_type=product&#038;p=532"},"modified":"2022-06-22T17:06:13","modified_gmt":"2022-06-22T17:06:13","slug":"bascula-etiquetadora-w-label-20","status":"publish","type":"product","link":"https:\/\/basculassandiego.com\/tienda\/producto\/bascula-etiquetadora-w-label-20\/","title":{"rendered":"B\u00c1SCULA ETIQUETADORA W-LABEL 20"},"content":{"rendered":"<h1>B\u00c1SCULA ETIQUETADORA W-LABEL 20<br \/>\n<span class=\"smallText\">[W-LABEL]<\/span><\/h1>\n<p>Ideal para comercios con alto flujo de clientes. Cuenta con el impresor m\u00e1s r\u00e1pido del\u00a0mercado que permite configurar etiquetas f\u00e1cilmente, para atender m\u00e1s clientes y maximizar tus ventas.<\/p>\n<ul>\n<li>S\u00f3lida construcci\u00f3n en acero inoxidable grado alimenticio<\/li>\n<li>Conexi\u00f3n Ethernet y WiFi que permite enlazar tus b\u00e1sculas y actualizar precios f\u00e1cilmente<\/li>\n<li>500 memorias de productos y 35 accesos directos<\/li>\n<li>App disponible para descarga<\/li>\n<\/ul>\n<p><span style=\"color: #ff0000;\"><strong>PRECIO SUJETO A CAMBIOS.<\/strong><\/span><\/p>\n","protected":false},"excerpt":{"rendered":"<p>Ideal para comercios con alto flujo de clientes. Cuenta con el impresor m\u00e1s r\u00e1pido del\u00a0mercado que permite configurar etiquetas f\u00e1cilmente, para atender m\u00e1s clientes y maximizar tus ventas.<\/p>\n<ul>\n<li>S\u00f3lida construcci\u00f3n en acero inoxidable grado alimenticio<\/li>\n<li>Conexi\u00f3n Ethernet y WiFi que permite enlazar tus b\u00e1sculas y actualizar precios f\u00e1cilmente<\/li>\n<li>500 memorias de productos y 35 accesos directos<\/li>\n<li>App disponible para descarga<\/li>\n<\/ul>\n","protected":false},"featured_media":533,"template":"","meta":[],"product_brand":[],"product_cat":[296],"product_tag":[276,23,297,22],"class_list":{"0":"post-532","1":"product","2":"type-product","3":"status-publish","4":"has-post-thumbnail","6":"product_cat-bascula-etiquetadora","7":"product_tag-20-kg","8":"product_tag-bascula","9":"product_tag-etiquetadora","10":"product_tag-torrey","12":"first","13":"instock","14":"shipping-taxable","15":"purchasable","16":"product-type-simple"},"_links":{"self":[{"href":"https:\/\/basculassandiego.com\/tienda\/wp-json\/wp\/v2\/product\/532","targetHints":{"allow":["GET"]}}],"collection":[{"href":"https:\/\/basculassandiego.com\/tienda\/wp-json\/wp\/v2\/product"}],"about":[{"href":"https:\/\/basculassandiego.com\/tienda\/wp-json\/wp\/v2\/types\/product"}],"wp:featuredmedia":[{"embeddable":true,"href":"https:\/\/basculassandiego.com\/tienda\/wp-json\/wp\/v2\/media\/533"}],"wp:attachment":[{"href":"https:\/\/basculassandiego.com\/tienda\/wp-json\/wp\/v2\/media?parent=532"}],"wp:term":[{"taxonomy":"product_brand","embeddable":true,"href":"https:\/\/basculassandiego.com\/tienda\/wp-json\/wp\/v2\/product_brand?post=532"},{"taxonomy":"product_cat","embeddable":true,"href":"https:\/\/basculassandiego.com\/tienda\/wp-json\/wp\/v2\/product_cat?post=532"},{"taxonomy":"product_tag","embeddable":true,"href":"https:\/\/basculassandiego.com\/tienda\/wp-json\/wp\/v2\/product_tag?post=532"}],"curies":[{"name":"wp","href":"https:\/\/api.w.org\/{rel}","templated":true}]}}