{"id":567,"date":"2020-05-22T19:05:27","date_gmt":"2020-05-22T19:05:27","guid":{"rendered":"https:\/\/basculassandiego.com\/tienda\/?post_type=product&#038;p=567"},"modified":"2025-05-02T00:05:09","modified_gmt":"2025-05-02T00:05:09","slug":"basculas-de-recibo-movil-fs250","status":"publish","type":"product","link":"https:\/\/basculassandiego.com\/tienda\/producto\/basculas-de-recibo-movil-fs250\/","title":{"rendered":"B\u00c1SCULAS DE RECIBO M\u00d3VIL FS250"},"content":{"rendered":"<h1>B\u00c1SCULA DE RECIBO M\u00d3VIL <span class=\"smallText\">[FS250]<\/span><\/h1>\n<p>Ideal para trabajos de entrega y recibo que requieren m\u00e1xima agilidad y precisi\u00f3n. Con plataforma de acero altamente resistente para uso rudo y 2 ruedas traseras para desplazar f\u00e1cilmente.<\/p>\n<ul>\n<li>Bater\u00eda recargable de 100 horas de uso continuo<\/li>\n<li>Pantalla iluminada y de gran tama\u00f1o para f\u00e1cil lectura<\/li>\n<li>Conversi\u00f3n de kilos a libras y viceversa f\u00e1cilmente<\/li>\n<\/ul>\n<p>Disponible en capacidades de <strong>250kg<\/strong> y <strong>500kg<\/strong><\/p>\n<p><span style=\"color: #ff0000;\"><strong>PRECIO SUJETO A CAMBIOS<\/strong><\/span><\/p>\n","protected":false},"excerpt":{"rendered":"<p>Ideal para trabajos de entrega y recibo que requieren m\u00e1xima agilidad y precisi\u00f3n. Con plataforma de acero altamente resistente para uso rudo y 2 ruedas traseras para desplazar f\u00e1cilmente.<\/p>\n<ul>\n<li>Bater\u00eda recargable de 100 horas de uso continuo<\/li>\n<li>Pantalla iluminada y de gran tama\u00f1o para f\u00e1cil lectura<\/li>\n<li>Conversi\u00f3n de kilos a libras y viceversa f\u00e1cilmente<\/li>\n<\/ul>\n","protected":false},"featured_media":568,"template":"","meta":[],"product_brand":[],"product_cat":[311],"product_tag":[315,23,314,258,22],"class_list":{"0":"post-567","1":"product","2":"type-product","3":"status-publish","4":"has-post-thumbnail","6":"product_cat-basculas-de-recibo-movil","7":"product_tag-250-kg","8":"product_tag-bascula","9":"product_tag-movil","10":"product_tag-recibo","11":"product_tag-torrey","13":"first","14":"instock","15":"shipping-taxable","16":"purchasable","17":"product-type-simple"},"_links":{"self":[{"href":"https:\/\/basculassandiego.com\/tienda\/wp-json\/wp\/v2\/product\/567","targetHints":{"allow":["GET"]}}],"collection":[{"href":"https:\/\/basculassandiego.com\/tienda\/wp-json\/wp\/v2\/product"}],"about":[{"href":"https:\/\/basculassandiego.com\/tienda\/wp-json\/wp\/v2\/types\/product"}],"wp:featuredmedia":[{"embeddable":true,"href":"https:\/\/basculassandiego.com\/tienda\/wp-json\/wp\/v2\/media\/568"}],"wp:attachment":[{"href":"https:\/\/basculassandiego.com\/tienda\/wp-json\/wp\/v2\/media?parent=567"}],"wp:term":[{"taxonomy":"product_brand","embeddable":true,"href":"https:\/\/basculassandiego.com\/tienda\/wp-json\/wp\/v2\/product_brand?post=567"},{"taxonomy":"product_cat","embeddable":true,"href":"https:\/\/basculassandiego.com\/tienda\/wp-json\/wp\/v2\/product_cat?post=567"},{"taxonomy":"product_tag","embeddable":true,"href":"https:\/\/basculassandiego.com\/tienda\/wp-json\/wp\/v2\/product_tag?post=567"}],"curies":[{"name":"wp","href":"https:\/\/api.w.org\/{rel}","templated":true}]}}