{"id":570,"date":"2020-05-22T19:14:45","date_gmt":"2020-05-22T19:14:45","guid":{"rendered":"https:\/\/basculassandiego.com\/tienda\/?post_type=product&#038;p=570"},"modified":"2025-05-02T00:06:43","modified_gmt":"2025-05-02T00:06:43","slug":"basculas-de-recibo-movil-sr-50","status":"publish","type":"product","link":"https:\/\/basculassandiego.com\/tienda\/producto\/basculas-de-recibo-movil-sr-50\/","title":{"rendered":"B\u00c1SCULAS DE RECIBO M\u00d3VIL SR-50"},"content":{"rendered":"<h1>B\u00c1SCULA DE RECIBO M\u00d3VIL <span class=\"smallText\">[SR-50]<\/span><\/h1>\n<p>B\u00e1scula de tama\u00f1o pr\u00e1ctico y compacto con dise\u00f1o robusto, ideal para recibo de paqueter\u00eda, mensajer\u00eda y mercanc\u00eda en bodegas. Cuenta con cable tipo telef\u00f3nico retr\u00e1ctil para f\u00e1cil colocaci\u00f3n del m\u00f3dulo.<\/p>\n<ul>\n<li>Pantalla iluminada, con puerto serial para conexi\u00f3n a PC<\/li>\n<li>Pesa en kilos y libras<\/li>\n<li>Bater\u00eda recargable de 20 horas de uso continuo<\/li>\n<\/ul>\n<p><span style=\"color: #ff0000;\"><strong>PRECIO SUJETO A CAMBIOS<\/strong><\/span><\/p>\n","protected":false},"excerpt":{"rendered":"<p>B\u00e1scula de tama\u00f1o pr\u00e1ctico y compacto con dise\u00f1o robusto, ideal para recibo de paqueter\u00eda, mensajer\u00eda y mercanc\u00eda en bodegas. Cuenta con cable tipo telef\u00f3nico retr\u00e1ctil para f\u00e1cil colocaci\u00f3n del m\u00f3dulo.<\/p>\n<ul>\n<li>Pantalla iluminada, con puerto serial para conexi\u00f3n a PC<\/li>\n<li>Pesa en kilos y libras<\/li>\n<li>Bater\u00eda recargable de 20 horas de uso continuo<\/li>\n<\/ul>\n","protected":false},"featured_media":571,"template":"","meta":[],"product_brand":[],"product_cat":[311],"product_tag":[23,314,258,22],"class_list":{"0":"post-570","1":"product","2":"type-product","3":"status-publish","4":"has-post-thumbnail","6":"product_cat-basculas-de-recibo-movil","7":"product_tag-bascula","8":"product_tag-movil","9":"product_tag-recibo","10":"product_tag-torrey","12":"first","13":"instock","14":"shipping-taxable","15":"purchasable","16":"product-type-simple"},"_links":{"self":[{"href":"https:\/\/basculassandiego.com\/tienda\/wp-json\/wp\/v2\/product\/570","targetHints":{"allow":["GET"]}}],"collection":[{"href":"https:\/\/basculassandiego.com\/tienda\/wp-json\/wp\/v2\/product"}],"about":[{"href":"https:\/\/basculassandiego.com\/tienda\/wp-json\/wp\/v2\/types\/product"}],"wp:featuredmedia":[{"embeddable":true,"href":"https:\/\/basculassandiego.com\/tienda\/wp-json\/wp\/v2\/media\/571"}],"wp:attachment":[{"href":"https:\/\/basculassandiego.com\/tienda\/wp-json\/wp\/v2\/media?parent=570"}],"wp:term":[{"taxonomy":"product_brand","embeddable":true,"href":"https:\/\/basculassandiego.com\/tienda\/wp-json\/wp\/v2\/product_brand?post=570"},{"taxonomy":"product_cat","embeddable":true,"href":"https:\/\/basculassandiego.com\/tienda\/wp-json\/wp\/v2\/product_cat?post=570"},{"taxonomy":"product_tag","embeddable":true,"href":"https:\/\/basculassandiego.com\/tienda\/wp-json\/wp\/v2\/product_tag?post=570"}],"curies":[{"name":"wp","href":"https:\/\/api.w.org\/{rel}","templated":true}]}}