{"id":577,"date":"2020-05-22T19:27:59","date_gmt":"2020-05-22T19:27:59","guid":{"rendered":"https:\/\/basculassandiego.com\/tienda\/?post_type=product&#038;p=577"},"modified":"2025-05-01T23:59:50","modified_gmt":"2025-05-01T23:59:50","slug":"bascula-de-recibo-pcp500-ai","status":"publish","type":"product","link":"https:\/\/basculassandiego.com\/tienda\/producto\/bascula-de-recibo-pcp500-ai\/","title":{"rendered":"B\u00c1SCULA DE RECIBO PCP500 AI"},"content":{"rendered":"<h1>B\u00c1SCULA DE RECIBO <span class=\"smallText\">[PCP500-AI]<\/span><\/h1>\n<p>Ideal para pesar grandes vol\u00famenes con precisi\u00f3n, gracias a su amplia plataforma dise\u00f1ada para uso rudo.<\/p>\n<ul>\n<li>Cuenta con 4 ruedas para desplazar f\u00e1cilmente a cualquier \u00e1rea de su negocio<\/li>\n<li>Bater\u00eda recargable de hasta 150hrs<\/li>\n<li>Con puerto USB para transferir informaci\u00f3n a su computadora o impresora y tener un mejor control digital<\/li>\n<li>Con indicador de bater\u00eda<\/li>\n<\/ul>\n<p><span style=\"color: #ff0000;\"><strong>PRECIO SUJETO A CAMBIOS<\/strong><\/span><\/p>\n","protected":false},"excerpt":{"rendered":"<p>Ideal para pesar grandes vol\u00famenes con precisi\u00f3n, gracias a su amplia plataforma dise\u00f1ada para uso rudo.<\/p>\n<ul>\n<li>Cuenta con 4 ruedas para desplazar f\u00e1cilmente a cualquier \u00e1rea de su negocio<\/li>\n<li>Bater\u00eda recargable de hasta 150hrs<\/li>\n<li>Con puerto USB para transferir informaci\u00f3n a su computadora o impresora y tener un mejor control digital<\/li>\n<li>Con indicador de bater\u00eda<\/li>\n<\/ul>\n","protected":false},"featured_media":1301,"template":"","meta":[],"product_brand":[],"product_cat":[311],"product_tag":[42,23,314,258,22,317],"class_list":{"0":"post-577","1":"product","2":"type-product","3":"status-publish","4":"has-post-thumbnail","6":"product_cat-basculas-de-recibo-movil","7":"product_tag-acero-inoxidable","8":"product_tag-bascula","9":"product_tag-movil","10":"product_tag-recibo","11":"product_tag-torrey","12":"product_tag-usb","14":"first","15":"instock","16":"shipping-taxable","17":"purchasable","18":"product-type-simple"},"_links":{"self":[{"href":"https:\/\/basculassandiego.com\/tienda\/wp-json\/wp\/v2\/product\/577","targetHints":{"allow":["GET"]}}],"collection":[{"href":"https:\/\/basculassandiego.com\/tienda\/wp-json\/wp\/v2\/product"}],"about":[{"href":"https:\/\/basculassandiego.com\/tienda\/wp-json\/wp\/v2\/types\/product"}],"wp:featuredmedia":[{"embeddable":true,"href":"https:\/\/basculassandiego.com\/tienda\/wp-json\/wp\/v2\/media\/1301"}],"wp:attachment":[{"href":"https:\/\/basculassandiego.com\/tienda\/wp-json\/wp\/v2\/media?parent=577"}],"wp:term":[{"taxonomy":"product_brand","embeddable":true,"href":"https:\/\/basculassandiego.com\/tienda\/wp-json\/wp\/v2\/product_brand?post=577"},{"taxonomy":"product_cat","embeddable":true,"href":"https:\/\/basculassandiego.com\/tienda\/wp-json\/wp\/v2\/product_cat?post=577"},{"taxonomy":"product_tag","embeddable":true,"href":"https:\/\/basculassandiego.com\/tienda\/wp-json\/wp\/v2\/product_tag?post=577"}],"curies":[{"name":"wp","href":"https:\/\/api.w.org\/{rel}","templated":true}]}}