{"id":583,"date":"2020-05-22T19:39:20","date_gmt":"2020-05-22T19:39:20","guid":{"rendered":"https:\/\/basculassandiego.com\/tienda\/?post_type=product&#038;p=583"},"modified":"2025-05-02T00:01:20","modified_gmt":"2025-05-02T00:01:20","slug":"basculas-de-recibo-movil-eqm-400","status":"publish","type":"product","link":"https:\/\/basculassandiego.com\/tienda\/producto\/basculas-de-recibo-movil-eqm-400\/","title":{"rendered":"B\u00c1SCULAS DE RECIBO M\u00d3VIL EQM-400"},"content":{"rendered":"<h1>B\u00c1SCULA DE RECIBO M\u00d3VIL <span class=\"smallText\">[EQM-400]<\/span><\/h1>\n<p>La b\u00e1scula m\u00e1s robusta de su categor\u00eda: amplia y resistente plataforma para grandes vol\u00famenes y\u00a0uso rudo, cuenta con 4 llantas para un f\u00e1cil desplazamiento.<\/p>\n<ul>\n<li>Pantalla digital con iluminaci\u00f3n backlight y teclado de respuesta inmediata<\/li>\n<li>Bater\u00eda recargable de 100 horas de uso continuo<\/li>\n<li>Puerto serial para conexi\u00f3n a PC o impresora que permite llevar un mejor control de tu negocio<\/li>\n<li>Funci\u00f3n de Tara y conversi\u00f3n a kilos o libras<\/li>\n<\/ul>\n<p>Disponible en capacidades de <strong>400kg<\/strong> y <strong>1000kgs<\/strong><\/p>\n<p><span style=\"color: #ff0000;\"><strong>PRECIO SUJETO A CAMBIOS<\/strong><\/span><\/p>\n","protected":false},"excerpt":{"rendered":"<p>La b\u00e1scula m\u00e1s robusta de su categor\u00eda: amplia y resistente plataforma para grandes vol\u00famenes y\u00a0uso rudo, cuenta con 4 llantas para un f\u00e1cil desplazamiento.<\/p>\n<ul>\n<li>Pantalla digital con iluminaci\u00f3n backlight y teclado de respuesta inmediata<\/li>\n<li>Bater\u00eda recargable de 100 horas de uso continuo<\/li>\n<li>Puerto serial para conexi\u00f3n a PC o impresora que permite llevar un mejor control de tu negocio<\/li>\n<li>Funci\u00f3n de Tara y conversi\u00f3n a kilos o libras<\/li>\n<\/ul>\n","protected":false},"featured_media":584,"template":"","meta":[],"product_brand":[],"product_cat":[311],"product_tag":[319,314,258,22],"class_list":{"0":"post-583","1":"product","2":"type-product","3":"status-publish","4":"has-post-thumbnail","6":"product_cat-basculas-de-recibo-movil","7":"product_tag-400-kg","8":"product_tag-movil","9":"product_tag-recibo","10":"product_tag-torrey","12":"first","13":"instock","14":"shipping-taxable","15":"purchasable","16":"product-type-simple"},"_links":{"self":[{"href":"https:\/\/basculassandiego.com\/tienda\/wp-json\/wp\/v2\/product\/583","targetHints":{"allow":["GET"]}}],"collection":[{"href":"https:\/\/basculassandiego.com\/tienda\/wp-json\/wp\/v2\/product"}],"about":[{"href":"https:\/\/basculassandiego.com\/tienda\/wp-json\/wp\/v2\/types\/product"}],"wp:featuredmedia":[{"embeddable":true,"href":"https:\/\/basculassandiego.com\/tienda\/wp-json\/wp\/v2\/media\/584"}],"wp:attachment":[{"href":"https:\/\/basculassandiego.com\/tienda\/wp-json\/wp\/v2\/media?parent=583"}],"wp:term":[{"taxonomy":"product_brand","embeddable":true,"href":"https:\/\/basculassandiego.com\/tienda\/wp-json\/wp\/v2\/product_brand?post=583"},{"taxonomy":"product_cat","embeddable":true,"href":"https:\/\/basculassandiego.com\/tienda\/wp-json\/wp\/v2\/product_cat?post=583"},{"taxonomy":"product_tag","embeddable":true,"href":"https:\/\/basculassandiego.com\/tienda\/wp-json\/wp\/v2\/product_tag?post=583"}],"curies":[{"name":"wp","href":"https:\/\/api.w.org\/{rel}","templated":true}]}}