{"id":645,"date":"2020-05-23T00:10:55","date_gmt":"2020-05-23T00:10:55","guid":{"rendered":"https:\/\/basculassandiego.com\/tienda\/?post_type=product&#038;p=645"},"modified":"2023-05-25T13:31:54","modified_gmt":"2023-05-25T13:31:54","slug":"bascula-electronica-lap3-300","status":"publish","type":"product","link":"https:\/\/basculassandiego.com\/tienda\/producto\/bascula-electronica-lap3-300\/","title":{"rendered":"BASCULA ELECTRONICA LAP3-300"},"content":{"rendered":"<h1>B\u00e1scula Electr\u00f3nica<\/h1>\n<h1><span class=\"smallText\">[LAP3-300]<\/span><\/h1>\n<p>Indicador fabricado en ABS resistente a impactos<br \/>\nBater\u00eda integrada recargable de alta duraci\u00f3n 180 hrs<br \/>\nDisplay indicador de peso, precio e importe<br \/>\n3 visores LCD con iluminaci\u00f3n en ambos frentes para operador y cliente<br \/>\nPesa en Kilogramos y libras<br \/>\nTecla de cambio y funci\u00f3n de tara<br \/>\nAlarma de sobrepeso y aviso de bater\u00eda baja<br \/>\nResistente a la humedad<br \/>\n1 A\u00d1O DE GARANT\u00cdA<br \/>\nCapacidad disponible en 150, 300 o 500 Kg; Divisi\u00f3n m\u00ednima: 100g<br \/>\nCubierta de acero inoxidable<br \/>\nDimensiones: 60 x 46 x 25 cm<br \/>\nExcelentes resultados y durabilidad, la m\u00e1s resistente en su tipo. Ideal para carnicer\u00edas, pescader\u00edas, cremer\u00edas, tiendas de abarrotes, etc.<\/p>\n<p><span style=\"color: #ff0000;\"><strong>PRECIO SUJETO A CAMBIOS<\/strong><\/span><\/p>\n","protected":false},"excerpt":{"rendered":"<p>Indicador fabricado en ABS resistente a impactos<br \/>\nBater\u00eda integrada recargable de alta duraci\u00f3n 180 hrs<br \/>\nDisplay indicador de peso, precio e importe<br \/>\n3 visores LCD con iluminaci\u00f3n en ambos frentes para operador y cliente<br \/>\nPesa en Kilogramos y libras<\/p>\n","protected":false},"featured_media":646,"template":"","meta":[],"product_brand":[],"product_cat":[357],"product_tag":[23,268,258,358],"class_list":{"0":"post-645","1":"product","2":"type-product","3":"status-publish","4":"has-post-thumbnail","6":"product_cat-bascula-de-recibo","7":"product_tag-bascula","8":"product_tag-excell","9":"product_tag-recibo","10":"product_tag-resistente-humedad","12":"first","13":"outofstock","14":"shipping-taxable","15":"purchasable","16":"product-type-simple"},"_links":{"self":[{"href":"https:\/\/basculassandiego.com\/tienda\/wp-json\/wp\/v2\/product\/645","targetHints":{"allow":["GET"]}}],"collection":[{"href":"https:\/\/basculassandiego.com\/tienda\/wp-json\/wp\/v2\/product"}],"about":[{"href":"https:\/\/basculassandiego.com\/tienda\/wp-json\/wp\/v2\/types\/product"}],"wp:featuredmedia":[{"embeddable":true,"href":"https:\/\/basculassandiego.com\/tienda\/wp-json\/wp\/v2\/media\/646"}],"wp:attachment":[{"href":"https:\/\/basculassandiego.com\/tienda\/wp-json\/wp\/v2\/media?parent=645"}],"wp:term":[{"taxonomy":"product_brand","embeddable":true,"href":"https:\/\/basculassandiego.com\/tienda\/wp-json\/wp\/v2\/product_brand?post=645"},{"taxonomy":"product_cat","embeddable":true,"href":"https:\/\/basculassandiego.com\/tienda\/wp-json\/wp\/v2\/product_cat?post=645"},{"taxonomy":"product_tag","embeddable":true,"href":"https:\/\/basculassandiego.com\/tienda\/wp-json\/wp\/v2\/product_tag?post=645"}],"curies":[{"name":"wp","href":"https:\/\/api.w.org\/{rel}","templated":true}]}}