{"id":647,"date":"2020-05-23T00:15:01","date_gmt":"2020-05-23T00:15:01","guid":{"rendered":"https:\/\/basculassandiego.com\/tienda\/?post_type=product&#038;p=647"},"modified":"2024-11-22T17:22:29","modified_gmt":"2024-11-22T17:22:29","slug":"bascula-electronica-ltwh3-300","status":"publish","type":"product","link":"https:\/\/basculassandiego.com\/tienda\/producto\/bascula-electronica-ltwh3-300\/","title":{"rendered":"BASCULA ELECTRONICA LTWH3-300"},"content":{"rendered":"<h1>B\u00e1scula Electr\u00f3nica<br \/>\n<span class=\"smallText\">[LTWH3-300]<\/span><\/h1>\n<p>Indicador fabricado en ABS resistente a impactos<br \/>\nBater\u00eda integrada recargable de alta duraci\u00f3n 180 hrs.<br \/>\nDisplay indicador de peso de LCD con iluminaci\u00f3n<br \/>\nPesa en Kilogramos y libras<br \/>\nFunci\u00f3n de tara<br \/>\nAlarma de sobrepeso y aviso de bater\u00eda baja<br \/>\nResistente a la humedad<br \/>\nAcumulaci\u00f3n de pesadas y funci\u00f3n de cuenta piezas<br \/>\n1 A\u00d1O DE GARANT\u00cdA<br \/>\nCapacidades disponibles: 150Kg\/20g; 300kg\/20g; 500Kg\/100g<br \/>\nCubierta de acero inoxidable<br \/>\nDimensiones de plataforma: 60 x 46 x 25 cm<\/p>\n<p>Excelentes resultados y durabilidad, la m\u00e1s resistente en su tipo. Ideal para carnicer\u00edas, pescader\u00edas, cremer\u00edas, tiendas de abarrotes, etc.<\/p>\n","protected":false},"excerpt":{"rendered":"<p>Excelentes resultados y durabilidad, la m\u00e1s resistente en su tipo. Ideal para carnicer\u00edas, pescader\u00edas, cremer\u00edas, tiendas de abarrotes, etc.<\/p>\n","protected":false},"featured_media":646,"template":"","meta":[],"product_brand":[],"product_cat":[357],"product_tag":[23,268,258],"class_list":{"0":"post-647","1":"product","2":"type-product","3":"status-publish","4":"has-post-thumbnail","6":"product_cat-bascula-de-recibo","7":"product_tag-bascula","8":"product_tag-excell","9":"product_tag-recibo","11":"first","12":"outofstock","13":"shipping-taxable","14":"purchasable","15":"product-type-simple"},"_links":{"self":[{"href":"https:\/\/basculassandiego.com\/tienda\/wp-json\/wp\/v2\/product\/647","targetHints":{"allow":["GET"]}}],"collection":[{"href":"https:\/\/basculassandiego.com\/tienda\/wp-json\/wp\/v2\/product"}],"about":[{"href":"https:\/\/basculassandiego.com\/tienda\/wp-json\/wp\/v2\/types\/product"}],"wp:featuredmedia":[{"embeddable":true,"href":"https:\/\/basculassandiego.com\/tienda\/wp-json\/wp\/v2\/media\/646"}],"wp:attachment":[{"href":"https:\/\/basculassandiego.com\/tienda\/wp-json\/wp\/v2\/media?parent=647"}],"wp:term":[{"taxonomy":"product_brand","embeddable":true,"href":"https:\/\/basculassandiego.com\/tienda\/wp-json\/wp\/v2\/product_brand?post=647"},{"taxonomy":"product_cat","embeddable":true,"href":"https:\/\/basculassandiego.com\/tienda\/wp-json\/wp\/v2\/product_cat?post=647"},{"taxonomy":"product_tag","embeddable":true,"href":"https:\/\/basculassandiego.com\/tienda\/wp-json\/wp\/v2\/product_tag?post=647"}],"curies":[{"name":"wp","href":"https:\/\/api.w.org\/{rel}","templated":true}]}}