{"id":68,"date":"2020-05-11T03:15:57","date_gmt":"2020-05-11T03:15:57","guid":{"rendered":"https:\/\/basculassandiego.com\/tienda\/?post_type=product&#038;p=68"},"modified":"2025-05-01T02:48:54","modified_gmt":"2025-05-01T02:48:54","slug":"bascula-electronica-sx-30","status":"publish","type":"product","link":"https:\/\/basculassandiego.com\/tienda\/producto\/bascula-electronica-sx-30\/","title":{"rendered":"BASCULA ELECTRONICA SX40-SMART"},"content":{"rendered":"<h2><strong><span style=\"color: #000000;\">BASCULA ELECTRONICA SX40-SMAR<\/span><span style=\"color: #000000;\">T<\/span><\/strong><\/h2>\n<div>\n<p>Pr\u00e1ctica b\u00e1scula de tama\u00f1o compacto, mayor capacidad (40kg) y precisi\u00f3n multi rango. Con plato de acero inoxidable y gabinete pl\u00e1stico de alta resistencia que la hacen ideal para venta m\u00f3vil, servicio a domicilio o negocios con espacio reducido.<\/p>\n<ul>\n<li>Funciones de caja registradora<\/li>\n<li>100 memorias y 4 accesos directos para ventas m\u00e1s r\u00e1pidas<\/li>\n<li>Doble display iluminado (frontal y posterior) que ofrecen mayor confianza al cliente<\/li>\n<li>Bater\u00eda recargable (100 horas de uso continuo) con indicador en pantalla<\/li>\n<\/ul>\n<\/div>\n<div><strong><span style=\"color: #ff0000;\">PRECIO SUJETO A CAMBIOS<\/span><\/strong><\/div>\n<div class=\"buttonSet\"><\/div>\n","protected":false},"excerpt":{"rendered":"<p>Pr\u00e1ctica b\u00e1scula de tama\u00f1o compacto, mayor capacidad (40kg) y precisi\u00f3n multi rango. Con plato de acero inoxidable y gabinete pl\u00e1stico de alta resistencia que la hacen ideal para venta m\u00f3vil, servicio a domicilio o negocios con espacio reducido.<\/p>\n<ul>\n<li>Funciones de caja registradora<\/li>\n<li>100 memorias y 4 accesos directos para ventas m\u00e1s r\u00e1pidas<\/li>\n<\/ul>\n","protected":false},"featured_media":2222,"template":"","meta":[],"product_brand":[],"product_cat":[21,19],"product_tag":[279,23,22],"class_list":{"0":"post-68","1":"product","2":"type-product","3":"status-publish","4":"has-post-thumbnail","6":"product_cat-bascula-eletronica-comercial","7":"product_cat-basculas","8":"product_tag-40-kg","9":"product_tag-bascula","10":"product_tag-torrey","12":"first","13":"instock","14":"shipping-taxable","15":"purchasable","16":"product-type-simple"},"_links":{"self":[{"href":"https:\/\/basculassandiego.com\/tienda\/wp-json\/wp\/v2\/product\/68","targetHints":{"allow":["GET"]}}],"collection":[{"href":"https:\/\/basculassandiego.com\/tienda\/wp-json\/wp\/v2\/product"}],"about":[{"href":"https:\/\/basculassandiego.com\/tienda\/wp-json\/wp\/v2\/types\/product"}],"wp:featuredmedia":[{"embeddable":true,"href":"https:\/\/basculassandiego.com\/tienda\/wp-json\/wp\/v2\/media\/2222"}],"wp:attachment":[{"href":"https:\/\/basculassandiego.com\/tienda\/wp-json\/wp\/v2\/media?parent=68"}],"wp:term":[{"taxonomy":"product_brand","embeddable":true,"href":"https:\/\/basculassandiego.com\/tienda\/wp-json\/wp\/v2\/product_brand?post=68"},{"taxonomy":"product_cat","embeddable":true,"href":"https:\/\/basculassandiego.com\/tienda\/wp-json\/wp\/v2\/product_cat?post=68"},{"taxonomy":"product_tag","embeddable":true,"href":"https:\/\/basculassandiego.com\/tienda\/wp-json\/wp\/v2\/product_tag?post=68"}],"curies":[{"name":"wp","href":"https:\/\/api.w.org\/{rel}","templated":true}]}}