{"id":701,"date":"2020-05-23T19:21:12","date_gmt":"2020-05-23T19:21:12","guid":{"rendered":"https:\/\/basculassandiego.com\/tienda\/?post_type=product&#038;p=701"},"modified":"2026-05-09T23:03:57","modified_gmt":"2026-05-09T23:03:57","slug":"despachador-de-helado-hamilton-beach","status":"publish","type":"product","link":"https:\/\/basculassandiego.com\/tienda\/producto\/despachador-de-helado-hamilton-beach\/","title":{"rendered":"DESPACHADOR DE HELADO HAMILTON BEACH"},"content":{"rendered":"<h1>DESPACHADOR DE HELADO HAMILTON BEACH<br \/>\n<span class=\"smallText\">[7840,30,24,2]<\/span><\/h1>\n<p>Acero inoxidable de alta resistencia<br \/>\nEl taz\u00f3n, la palanca de pulgar y el resorte est\u00e1n hechos de acero inoxidable para una larga vida \u00fatil y una f\u00e1cil limpieza en el lavaplatos.<br \/>\nAcci\u00f3n de resorte de alta resistencia.<br \/>\nEl resorte de acero inoxidable de alta resistencia permite una f\u00e1cil operaci\u00f3n y una larga durabilidad.<br \/>\nMangos de color.<br \/>\nDise\u00f1ados para una identificaci\u00f3n inmediata y un servicio mejorado, los mangos de color le permiten optimizar su operaci\u00f3n de alimentos y bebidas. Los colores brillantes e identificables ayudan a mantener el control de las porciones y que la selecci\u00f3n del tama\u00f1o de la cuchara dosificadora sea r\u00e1pida y sencilla.<br \/>\nVarios modelos, tama\u00f1os y colores.<br \/>\nCualquier modelo tiene el mismo costo<\/p>\n<p>Disponible en las marcas Travessa y Concasse<\/p>\n<p><span style=\"color: #ff0000;\"><strong>PRECIO SUJETO A CAMBIO.<\/strong><\/span><\/p>\n<p><strong><span style=\"color: #ff0000;\">PRECIO DEL PRODUCTO ACTUAL $ 420.00<\/span><\/strong><\/p>\n","protected":false},"excerpt":{"rendered":"<p>Acero inoxidable de alta resistencia<br \/>\nEl taz\u00f3n, la palanca de pulgar y el resorte est\u00e1n hechos de acero inoxidable para una larga vida \u00fatil y una f\u00e1cil limpieza en el lavaplatos.<br \/>\nVarios modelos, tama\u00f1os y colores.<\/p>\n","protected":false},"featured_media":702,"template":"","meta":[],"product_brand":[],"product_cat":[405,360],"product_tag":[406,408,242,409],"class_list":{"0":"post-701","1":"product","2":"type-product","3":"status-publish","4":"has-post-thumbnail","6":"product_cat-despachador-de-helado","7":"product_cat-equipos-para-snacks","8":"product_tag-despachador","9":"product_tag-hamilton","10":"product_tag-helado","11":"product_tag-varios-tamanos","13":"first","14":"instock","15":"shipping-taxable","16":"purchasable","17":"product-type-simple"},"_links":{"self":[{"href":"https:\/\/basculassandiego.com\/tienda\/wp-json\/wp\/v2\/product\/701","targetHints":{"allow":["GET"]}}],"collection":[{"href":"https:\/\/basculassandiego.com\/tienda\/wp-json\/wp\/v2\/product"}],"about":[{"href":"https:\/\/basculassandiego.com\/tienda\/wp-json\/wp\/v2\/types\/product"}],"wp:featuredmedia":[{"embeddable":true,"href":"https:\/\/basculassandiego.com\/tienda\/wp-json\/wp\/v2\/media\/702"}],"wp:attachment":[{"href":"https:\/\/basculassandiego.com\/tienda\/wp-json\/wp\/v2\/media?parent=701"}],"wp:term":[{"taxonomy":"product_brand","embeddable":true,"href":"https:\/\/basculassandiego.com\/tienda\/wp-json\/wp\/v2\/product_brand?post=701"},{"taxonomy":"product_cat","embeddable":true,"href":"https:\/\/basculassandiego.com\/tienda\/wp-json\/wp\/v2\/product_cat?post=701"},{"taxonomy":"product_tag","embeddable":true,"href":"https:\/\/basculassandiego.com\/tienda\/wp-json\/wp\/v2\/product_tag?post=701"}],"curies":[{"name":"wp","href":"https:\/\/api.w.org\/{rel}","templated":true}]}}