{"id":715,"date":"2020-05-23T22:24:41","date_gmt":"2020-05-23T22:24:41","guid":{"rendered":"https:\/\/basculassandiego.com\/tienda\/?post_type=product&#038;p=715"},"modified":"2025-05-03T23:12:22","modified_gmt":"2025-05-03T23:12:22","slug":"rosticero-de-salchichas","status":"publish","type":"product","link":"https:\/\/basculassandiego.com\/tienda\/producto\/rosticero-de-salchichas\/","title":{"rendered":"ROSTICERO DE SALCHICHAS"},"content":{"rendered":"<h1>ROSTICERO DE SALCHICHAS<br \/>\n<span class=\"smallText\">[HD12]<\/span><\/h1>\n<p>Temperatura de rodillos regulable por termostato de 6 posiciones.<br \/>\nBotones de encendido \/ apagado en \u00e1rea para salchichas y \u00e1rea para pan.<br \/>\nIndicador de encendido por un foco piloto.<br \/>\nCaj\u00f3n para calentar hasta 12 piezas de pan tama\u00f1o est\u00e1ndar.<br \/>\nCharola para desperdicios.<br \/>\nCuatro regatones de pl\u00e1stico.<br \/>\nCubierta de acr\u00edlico que permite concentrar el calor (accesorio)<br \/>\nSiete rodillos con resina antiadherente.<\/p>\n<p><span style=\"color: #ff0000;\"><strong>PRECIO SUJETO A CAMBIO.<\/strong><\/span><\/p>\n","protected":false},"excerpt":{"rendered":"<p>Temperatura de rodillos regulable por termostato de 6 posiciones.<br \/>\nBotones de encendido \/ apagado en \u00e1rea para salchichas y \u00e1rea para pan.<br \/>\nIndicador de encendido por un foco piloto.<br \/>\nCaj\u00f3n para calentar hasta 12 piezas de pan tama\u00f1o est\u00e1ndar.<\/p>\n","protected":false},"featured_media":716,"template":"","meta":[],"product_brand":[],"product_cat":[425],"product_tag":[428,426,427,22],"class_list":{"0":"post-715","1":"product","2":"type-product","3":"status-publish","4":"has-post-thumbnail","6":"product_cat-hotdoguera","7":"product_tag-12-piezas","8":"product_tag-rosticero","9":"product_tag-salchicas","10":"product_tag-torrey","12":"first","13":"instock","14":"shipping-taxable","15":"purchasable","16":"product-type-simple"},"_links":{"self":[{"href":"https:\/\/basculassandiego.com\/tienda\/wp-json\/wp\/v2\/product\/715","targetHints":{"allow":["GET"]}}],"collection":[{"href":"https:\/\/basculassandiego.com\/tienda\/wp-json\/wp\/v2\/product"}],"about":[{"href":"https:\/\/basculassandiego.com\/tienda\/wp-json\/wp\/v2\/types\/product"}],"wp:featuredmedia":[{"embeddable":true,"href":"https:\/\/basculassandiego.com\/tienda\/wp-json\/wp\/v2\/media\/716"}],"wp:attachment":[{"href":"https:\/\/basculassandiego.com\/tienda\/wp-json\/wp\/v2\/media?parent=715"}],"wp:term":[{"taxonomy":"product_brand","embeddable":true,"href":"https:\/\/basculassandiego.com\/tienda\/wp-json\/wp\/v2\/product_brand?post=715"},{"taxonomy":"product_cat","embeddable":true,"href":"https:\/\/basculassandiego.com\/tienda\/wp-json\/wp\/v2\/product_cat?post=715"},{"taxonomy":"product_tag","embeddable":true,"href":"https:\/\/basculassandiego.com\/tienda\/wp-json\/wp\/v2\/product_tag?post=715"}],"curies":[{"name":"wp","href":"https:\/\/api.w.org\/{rel}","templated":true}]}}