{"id":735,"date":"2020-05-23T23:24:50","date_gmt":"2020-05-23T23:24:50","guid":{"rendered":"https:\/\/basculassandiego.com\/tienda\/?post_type=product&#038;p=735"},"modified":"2025-05-02T01:33:18","modified_gmt":"2025-05-02T01:33:18","slug":"maquina-para-palomitas","status":"publish","type":"product","link":"https:\/\/basculassandiego.com\/tienda\/producto\/maquina-para-palomitas\/","title":{"rendered":"MAQUINA PARA PALOMITAS"},"content":{"rendered":"<h1>MAQUINA PARA PALOMITAS<br \/>\n<span class=\"smallText\">[PC500]<\/span><\/h1>\n<p>ATRACTIVO DISE\u00d1O DE EXHIBICI\u00d3N.<br \/>\nDespierta el antojo de tus clientes con el atractivo dise\u00f1o y aroma de la m\u00e1quina de palomitas, que adem\u00e1s cuenta con espacio para rotulo publicitario.<br \/>\nGRAN CAPACIDAD<br \/>\nCon la M\u00e1quina de Palomitas Torrey podr\u00e1s preparar hasta 30 bolsas de palomitas en tan solo 15 minutos.<br \/>\nManten las palomitas calientes con su amplio exhibidor.<br \/>\nIncluye accesorios para servir palomitas y porcionar ingredientes (ma\u00edz y aceite).<br \/>\nRECIPIENTE CALEFACTOR ZAMAK<br \/>\nEl recipiente calefactor zamak es una aleaci\u00f3n de zinc con aluminio, magnesio y cobre, que absorbe r\u00e1pidamente la temperatura y es muy dif\u00edcil que la pierda, a\u00fan desconectado el equipo.<br \/>\nLAS PALOMITAS NO SE AHUMAN<br \/>\nSistema de ventilaci\u00f3n que impide la formaci\u00f3n de humo en el recipiente.<br \/>\nCARRO PALOMERO (OPCIONAL)<br \/>\nCarro palomero con almac\u00e9n de un entrepa\u00f1o, guarda para conexi\u00f3n el\u00e9ctrica y manivela abatible.<br \/>\nEspacio para colocar rotulo publicitario.<\/p>\n<p>ESPECIFICACIONES:<br \/>\nRendimiento por kilo &#8211; 12 Bolsas de 11&#215;25 cm<br \/>\nCantidad de ma\u00edz por ciclo &#8211; 0.5 kg<br \/>\nCantidad de aceite por ciclo &#8211; 120 ml<br \/>\nDuraci\u00f3n del Ciclo &#8211; 5 min<br \/>\nRecipiente Calefactor &#8211; Aluminio S\u00f3lido<br \/>\nVoltaje\/Ciclos &#8211; 127 V \/ 60 Hz<br \/>\nTipo de Iluminaci\u00f3n &#8211; Foco de 75 watts<br \/>\nTemperatura de Operaci\u00f3n &#8211; 380\u00b0C<br \/>\nCapacidad de Resistencias &#8211; 1700 watts<br \/>\nConsumo de Corriente &#8211; 12 Amperes<br \/>\nMEDIDAS:53 CM ANCHO X 51 CM DE FONDO Y 80 CM DE ALTURA<\/p>\n<p><span style=\"color: #ff0000;\"><strong>PRECIO SUJETO A CAMBIO.<\/strong><\/span><\/p>\n","protected":false},"excerpt":{"rendered":"<p>ATRACTIVO DISE\u00d1O DE EXHIBICI\u00d3N.<br \/>\nDespierta el antojo de tus clientes con el atractivo dise\u00f1o y aroma de la m\u00e1quina de palomitas, que adem\u00e1s cuenta con espacio para rotulo publicitario.<br \/>\nGRAN CAPACIDAD<br \/>\nCon la M\u00e1quina de Palomitas Torrey podr\u00e1s preparar hasta 30 bolsas de palomitas en tan solo 15 minutos.<br \/>\nManten las palomitas calientes con su amplio exhibidor.<br \/>\nIncluye accesorios para servir palomitas y porcionar ingredientes (ma\u00edz y aceite).<\/p>\n","protected":false},"featured_media":1342,"template":"","meta":[],"product_brand":[],"product_cat":[360,456],"product_tag":[461,241,460,22],"class_list":{"0":"post-735","1":"product","2":"type-product","3":"status-publish","4":"has-post-thumbnail","6":"product_cat-equipos-para-snacks","7":"product_cat-palomeras","8":"product_tag-12-bolsa-x-kilo","9":"product_tag-maquina","10":"product_tag-palomitas","11":"product_tag-torrey","13":"first","14":"instock","15":"shipping-taxable","16":"purchasable","17":"product-type-simple"},"_links":{"self":[{"href":"https:\/\/basculassandiego.com\/tienda\/wp-json\/wp\/v2\/product\/735","targetHints":{"allow":["GET"]}}],"collection":[{"href":"https:\/\/basculassandiego.com\/tienda\/wp-json\/wp\/v2\/product"}],"about":[{"href":"https:\/\/basculassandiego.com\/tienda\/wp-json\/wp\/v2\/types\/product"}],"wp:featuredmedia":[{"embeddable":true,"href":"https:\/\/basculassandiego.com\/tienda\/wp-json\/wp\/v2\/media\/1342"}],"wp:attachment":[{"href":"https:\/\/basculassandiego.com\/tienda\/wp-json\/wp\/v2\/media?parent=735"}],"wp:term":[{"taxonomy":"product_brand","embeddable":true,"href":"https:\/\/basculassandiego.com\/tienda\/wp-json\/wp\/v2\/product_brand?post=735"},{"taxonomy":"product_cat","embeddable":true,"href":"https:\/\/basculassandiego.com\/tienda\/wp-json\/wp\/v2\/product_cat?post=735"},{"taxonomy":"product_tag","embeddable":true,"href":"https:\/\/basculassandiego.com\/tienda\/wp-json\/wp\/v2\/product_tag?post=735"}],"curies":[{"name":"wp","href":"https:\/\/api.w.org\/{rel}","templated":true}]}}