{"id":741,"date":"2020-05-23T23:36:46","date_gmt":"2020-05-23T23:36:46","guid":{"rendered":"https:\/\/basculassandiego.com\/tienda\/?post_type=product&#038;p=741"},"modified":"2023-03-20T16:39:21","modified_gmt":"2023-03-20T16:39:21","slug":"palomera-international-8-oz","status":"publish","type":"product","link":"https:\/\/basculassandiego.com\/tienda\/producto\/palomera-international-8-oz\/","title":{"rendered":"PALOMERA INTERNATIONAL 8 OZ."},"content":{"rendered":"<h1>PALOMERA INTERNATIONAL 8 OZ.<br \/>\n<span class=\"smallText\">[PM-8]<\/span><\/h1>\n<p>Fabricadas en acero inoxidable.<br \/>\nCapacidad de 8 onzas.<br \/>\nCostados de acr\u00edlico transparente de gran resistencia y durabilidad.<br \/>\nResistencias de 750 y 1250 W. a 127 V. respectivamente.<br \/>\nIluminaci\u00f3n interna para mejor exhibici\u00f3n de producto y mantener la temperatura del producto durante m\u00e1s tiempo.<br \/>\nIncluye cuchar\u00f3n para ma\u00edz.<\/p>\n<p>Caracter\u00edsticas T\u00e9cnicas:<br \/>\nModelo PM-8<br \/>\nPeso 21.0 Kg.<br \/>\nFrente 46.0 cm.<br \/>\nFondo 40.0 cms.<br \/>\nAlto 75.0 cms.<br \/>\nCapacidad 8 Oz.<\/p>\n<p><span style=\"color: #ff0000;\"><strong>PRECIO SUJETO A CAMBIO<\/strong><\/span><\/p>\n","protected":false},"excerpt":{"rendered":"<p>Fabricadas en acero inoxidable.<br \/>\nCapacidad de 8 onzas.<br \/>\nCostados de acr\u00edlico transparente de gran resistencia y durabilidad.<br \/>\nResistencias de 750 y 1250 W. a 127 V. respectivamente.<br \/>\nIluminaci\u00f3n interna para mejor exhibici\u00f3n de producto y mantener la temperatura del producto durante m\u00e1s tiempo.<br \/>\nIncluye cuchar\u00f3n para ma\u00edz.<\/p>\n","protected":false},"featured_media":740,"template":"","meta":[],"product_brand":[],"product_cat":[360,456],"product_tag":[466,446,241,460],"class_list":{"0":"post-741","1":"product","2":"type-product","3":"status-publish","4":"has-post-thumbnail","6":"product_cat-equipos-para-snacks","7":"product_cat-palomeras","8":"product_tag-8-onzas","9":"product_tag-international","10":"product_tag-maquina","11":"product_tag-palomitas","13":"first","14":"instock","15":"shipping-taxable","16":"purchasable","17":"product-type-simple"},"_links":{"self":[{"href":"https:\/\/basculassandiego.com\/tienda\/wp-json\/wp\/v2\/product\/741","targetHints":{"allow":["GET"]}}],"collection":[{"href":"https:\/\/basculassandiego.com\/tienda\/wp-json\/wp\/v2\/product"}],"about":[{"href":"https:\/\/basculassandiego.com\/tienda\/wp-json\/wp\/v2\/types\/product"}],"wp:featuredmedia":[{"embeddable":true,"href":"https:\/\/basculassandiego.com\/tienda\/wp-json\/wp\/v2\/media\/740"}],"wp:attachment":[{"href":"https:\/\/basculassandiego.com\/tienda\/wp-json\/wp\/v2\/media?parent=741"}],"wp:term":[{"taxonomy":"product_brand","embeddable":true,"href":"https:\/\/basculassandiego.com\/tienda\/wp-json\/wp\/v2\/product_brand?post=741"},{"taxonomy":"product_cat","embeddable":true,"href":"https:\/\/basculassandiego.com\/tienda\/wp-json\/wp\/v2\/product_cat?post=741"},{"taxonomy":"product_tag","embeddable":true,"href":"https:\/\/basculassandiego.com\/tienda\/wp-json\/wp\/v2\/product_tag?post=741"}],"curies":[{"name":"wp","href":"https:\/\/api.w.org\/{rel}","templated":true}]}}